{"id":14,"date":"2022-12-18T15:52:06","date_gmt":"2022-12-18T14:52:06","guid":{"rendered":"http:\/\/greenseas.fr\/?page_id=14"},"modified":"2024-11-15T16:10:01","modified_gmt":"2024-11-15T15:10:01","slug":"le-projet","status":"publish","type":"page","link":"http:\/\/greenseas.fr\/index.php\/le-projet\/","title":{"rendered":"Le projet"},"content":{"rendered":"\n<p class=\"has-text-align-left has-white-background-color has-text-color has-background has-link-color wp-elements-c09228387bf740a969961a835b1f8435\" style=\"color:#144c79;font-size:17px\">L\u2019eutrophisation constitue l\u2019une des principales menaces pesant sur la sant\u00e9 des syst\u00e8mes c\u00f4tiers \u00e0 l\u2019\u00e9chelle<br>mondiale. Le projet GreenSeas (2023-2026) vise \u00e0 soutenir la prise en charge de ce probl\u00e8me par les parties<br>prenantes et les institutions, en traitant d\u2019un cas d\u2019eutrophisation c\u00f4ti\u00e8re embl\u00e9matique et complexe, celui de la<br>Bretagne. <\/p>\n\n\n\n<p class=\"has-white-background-color has-text-color has-background has-link-color wp-elements-65a3eb07a1d5c6652aa6dea677a0d530\" style=\"color:#229cb2;font-size:17px\"><strong>L&rsquo;eutrophisation en Bretagne<\/strong><\/p>\n\n\n\n<p class=\"has-black-color has-text-color has-link-color wp-elements-229264648677602b97e7e09ac9738eae\" style=\"font-size:15px\"><strong>La Bretagne est l\u2019une des r\u00e9gions les plus touch\u00e9es en Europe<\/strong> : depuis les ann\u00e9es 1970, elle conna\u00eet d\u2019importantes mar\u00e9es vertes, c\u2019est-\u00e0-dire des prolif\u00e9rations d\u2019algues favoris\u00e9es par l\u2019apport excessif de nutriments (azote, phosphore) \u00e0 la mer par les cours d\u2019eau.<\/p>\n\n\n\n<p class=\"has-black-color has-text-color has-link-color wp-elements-9b597df87704104223fca72765c6eeda\" style=\"font-size:15px\">Dans les bassins versants, cette charge en nutriments est li\u00e9e aux <strong>pollutions diffuses<\/strong>, principalement d\u2019origines agricoles : les nutriments sont transf\u00e9r\u00e9s aux cours d\u2019eau depuis une multitude de sources dispers\u00e9es dans l\u2019espace et dans le temps. Les mar\u00e9es vertes ont progressivement acquis une large visibilit\u00e9 aupr\u00e8s du grand public en Bretagne et y sont associ\u00e9es \u00e0 des conflits socio-environnementaux persistants.<\/p>\n\n\n\n<p class=\"has-black-color has-text-color has-link-color wp-elements-69e9775a3a7de6d9c06142d816cf519e\" style=\"font-size:15px\">La r\u00e9duction des flux de nutriments vers la mer a constitu\u00e9 l\u2019objet d\u2019action principal des<strong> politiques publiques de<br>lutte contre les mar\u00e9es vertes<\/strong> d\u00e9ploy\u00e9es depuis une trentaine d\u2019ann\u00e9es. Des mesures sp\u00e9cifiques sont mises en \u0153uvre dans les 8 baies bretonnes les plus touch\u00e9es, en particulier depuis 2010 dans le cadre de Plans de lutte contre les algues vertes (PLAV).<br><\/p>\n\n\n\n<p class=\"has-white-background-color has-text-color has-background has-link-color wp-elements-40aa51657d01c5896cadab5b3cfbbf0f\" style=\"color:#229cb2;font-size:17px\"><strong>La recherche en appui \u00e0 la compr\u00e9hension du ph\u00e9nom\u00e8ne<\/strong><\/p>\n\n\n\n<p class=\"has-black-color has-text-color has-link-color wp-elements-d47a4df3c958e472e26213efb4c60acf\" style=\"font-size:15px\">Depuis les ann\u00e9es 1980, la recherche scientifique a jou\u00e9 un r\u00f4le cl\u00e9 dans l<strong>\u2019identification des causes des mar\u00e9es vertes<\/strong>, des<strong> m\u00e9canismes de circulation des nutriments <\/strong>dans les bassins versants, <strong>des espaces et des pratiques \u00e0 risque<\/strong> en mati\u00e8re agricole, et des objectifs \u00e0 poursuivre pour esp\u00e9rer une diminution significative de l\u2019eutrophisation. Les mod\u00e9lisations du fonctionnement des bassins versants et du milieu marin c\u00f4tier se sont affin\u00e9es et ont permis de conforter les politiques de r\u00e9duction des flux de nutriments.<\/p>\n\n\n\n<p class=\"has-black-color has-text-color has-link-color wp-elements-c503d9d7a3ecb43c8bda811322840bbb\" style=\"font-size:15px\">Des r\u00e9sultats positifs sont observables. Cependant, ils restent insuffisants dans la majorit\u00e9 des cas pour atteindre un bon \u00e9tat \u00e9cologique des eaux c\u00f4ti\u00e8res. Ceci fragilise la l\u00e9gitimit\u00e9 des actions entreprises et expose les parties prenantes \u00e0 des mises en cause r\u00e9currentes.<br><\/p>\n\n\n\n<p class=\"has-black-color has-text-color has-link-color wp-elements-0bfd8c37e5f03736f43fd09f55f698d3\" style=\"font-size:15px\">De ce fait, il est aujourd\u2019hui n\u00e9cessaire de<strong> reconsid\u00e9rer les connaissances scientifiques \u00e0 produire<\/strong>, et leurs<br>modalit\u00e9s de production, pour accompagner les territoires touch\u00e9s par l\u2019eutrophisation littorale. Ces recherches doivent \u00eatre fortement int\u00e9gratives : elles doivent non seulement prendre en compte les processus hydrologiques, biog\u00e9ochimiques et \u00e9cologiques en jeu, mais aussi consid\u00e9rer la diversit\u00e9 des v\u00e9cus de<br>l\u2019eutrophisation, la richesse des savoirs professionnels et militants constitu\u00e9s au cours du temps, les dimensions politiques de la gestion des pollutions diffuses, ainsi que l\u2019acc\u00e9l\u00e9ration des changements globaux touchant les milieux c\u00f4tiers.<br><\/p>\n\n\n\n<p class=\"has-white-color has-text-color has-background has-link-color wp-elements-76d05f339a85f244276f8606ade52a2b\" style=\"background-color:#144c79;font-size:17px\"><strong>Dans ce contexte, l\u2019objectif poursuivi par GreenSeas est de reconstituer les adaptations pass\u00e9es et pr\u00e9sentes des syst\u00e8mes c\u00f4tiers expos\u00e9s de longue date \u00e0 l\u2019eutrophisation, et identifier les voies de leur \u00e9volution vers des trajectoires futures plus soutenables et \u00e9quitables.<\/strong><\/p>\n\n\n\n<p class=\"has-black-color has-text-color has-link-color wp-elements-a2c204f1fac69912c9b324f7f58b3fbf\" style=\"font-size:15px\"><strong>L\u2019objectif g\u00e9n\u00e9ral<\/strong> est d&rsquo;\u00e9tudier <strong>l&rsquo;adaptation pass\u00e9e et actuelle des syst\u00e8mes c\u00f4tiers vuln\u00e9rables<\/strong>, expos\u00e9s \u00e0 une eutrophisation de longue dur\u00e9e, ainsi que les <strong>voies de transformation possibles vers des futurs plus durables et plus justes<\/strong>. <\/p>\n\n\n\n<p class=\"has-black-color has-text-color has-link-color wp-elements-9c3378e6f2ffd8c64076299e7a5424ed\" style=\"font-size:15px\">Nous d\u00e9veloppons une <strong>approche transdisciplinaire<\/strong> le long du continuum terre-mer, en articulant plusieurs disciplines scientifiques (agronomie, \u00e9cologie, biog\u00e9ochimie, anthropologie sociale, histoire environnementale, sciences politiques et \u00e9conomie) et l&rsquo;expertise des acteurs concern\u00e9s par l\u2019eutrophisation.<\/p>\n\n\n\n<p class=\"has-black-color has-text-color has-link-color wp-elements-91b8f2aef704816f369bb0682791a88d\" style=\"font-size:15px\">Le projet :<\/p>\n\n\n\n<ul style=\"font-size:15px\" class=\"wp-block-list has-black-color has-text-color has-link-color wp-elements-30567c93c0b008015e9c063a3d2755f5\">\n<li style=\"font-style:normal;font-weight:500\">Apportera une compr\u00e9hension int\u00e9gr\u00e9e de la dynamique d&rsquo;adaptation du SES et des changements sociaux et politiques affectant les zones c\u00f4ti\u00e8res \u00e0 diff\u00e9rents niveaux organisationnels, en vue d&rsquo;une gestion durable de ces zones. <br><\/li>\n\n\n\n<li>Identifiera les conditions dans lesquelles la confrontation avec des probl\u00e8mes environnementaux de longue date peut conduire \u00e0 une transition rapide vers des SES durables<br><\/li>\n\n\n\n<li>Contribuera \u00e0 la co-conception de strat\u00e9gies de gestion de l\u2019eutrophisation et de politiques publiques adapt\u00e9es<\/li>\n<\/ul>\n\n\n\n<p class=\"has-black-color has-text-color has-link-color wp-elements-a70bc10310af4e6c81108f1f4a47e68a\" style=\"font-size:15px\"><\/p>\n\n\n\n<p><\/p>\n","protected":false},"excerpt":{"rendered":"<p>L\u2019eutrophisation constitue l\u2019une des principales menaces pesant sur la sant\u00e9 des syst\u00e8mes c\u00f4tiers \u00e0 l\u2019\u00e9chellemondiale. Le projet GreenSeas (2023-2026) vise \u00e0 soutenir la prise en charge de ce probl\u00e8me par les partiesprenantes et les institutions, en traitant d\u2019un cas d\u2019eutrophisation c\u00f4ti\u00e8re embl\u00e9matique et complexe, celui de laBretagne. L&rsquo;eutrophisation en Bretagne La Bretagne est l\u2019une des [&hellip;]<\/p>\n","protected":false},"author":2,"featured_media":0,"parent":0,"menu_order":0,"comment_status":"closed","ping_status":"closed","template":"page-templates\/full-width.php","meta":{"_acf_changed":false,"footnotes":""},"class_list":["post-14","page","type-page","status-publish","hentry"],"acf":[],"_links":{"self":[{"href":"http:\/\/greenseas.fr\/index.php\/wp-json\/wp\/v2\/pages\/14","targetHints":{"allow":["GET"]}}],"collection":[{"href":"http:\/\/greenseas.fr\/index.php\/wp-json\/wp\/v2\/pages"}],"about":[{"href":"http:\/\/greenseas.fr\/index.php\/wp-json\/wp\/v2\/types\/page"}],"author":[{"embeddable":true,"href":"http:\/\/greenseas.fr\/index.php\/wp-json\/wp\/v2\/users\/2"}],"replies":[{"embeddable":true,"href":"http:\/\/greenseas.fr\/index.php\/wp-json\/wp\/v2\/comments?post=14"}],"version-history":[{"count":11,"href":"http:\/\/greenseas.fr\/index.php\/wp-json\/wp\/v2\/pages\/14\/revisions"}],"predecessor-version":[{"id":522,"href":"http:\/\/greenseas.fr\/index.php\/wp-json\/wp\/v2\/pages\/14\/revisions\/522"}],"wp:attachment":[{"href":"http:\/\/greenseas.fr\/index.php\/wp-json\/wp\/v2\/media?parent=14"}],"curies":[{"name":"wp","href":"https:\/\/api.w.org\/{rel}","templated":true}]}}