{"id":17,"date":"2022-12-18T16:23:27","date_gmt":"2022-12-18T15:23:27","guid":{"rendered":"http:\/\/greenseas.fr\/?page_id=17"},"modified":"2024-11-13T14:42:18","modified_gmt":"2024-11-13T13:42:18","slug":"axes-de-recherches","status":"publish","type":"page","link":"http:\/\/greenseas.fr\/index.php\/le-projet\/axes-de-recherches\/","title":{"rendered":"Les volets de recherche"},"content":{"rendered":"\n<p class=\"has-black-color has-text-color has-link-color wp-elements-be66144db0fcac5ba27e382f4c9860fc\" style=\"font-size:20px\"><strong>GreenSeas s&rsquo;organise en 4 volets de recherches :<\/strong><\/p>\n\n\n\n<div class=\"wp-block-group\"><div class=\"wp-block-group__inner-container is-layout-constrained wp-block-group-is-layout-constrained\">\n<div class=\"wp-block-group\"><div class=\"wp-block-group__inner-container is-layout-constrained wp-block-group-is-layout-constrained\">\n<div class=\"wp-block-group\"><div class=\"wp-block-group__inner-container is-layout-constrained wp-block-group-is-layout-constrained\">\n<div class=\"wp-block-columns is-layout-flex wp-container-core-columns-is-layout-9d6595d7 wp-block-columns-is-layout-flex\">\n<div class=\"wp-block-column is-layout-flow wp-block-column-is-layout-flow\">\n<div class=\"wp-block-group\"><div class=\"wp-block-group__inner-container is-layout-constrained wp-block-group-is-layout-constrained\">\n<div class=\"wp-block-cover is-light wp-elements-10e91a1934b6d23fbdcc7ae9aaa656f6\" style=\"min-height:330px;aspect-ratio:unset;\"><span aria-hidden=\"true\" class=\"wp-block-cover__background has-cyan-bluish-gray-background-color has-background-dim-20 has-background-dim\"><\/span><div class=\"wp-block-cover__inner-container is-layout-constrained wp-block-cover-is-layout-constrained\">\n<h1 class=\"wp-block-heading has-text-align-center\"><strong>Volet 1 (WP1)<\/strong><\/h1>\n\n\n\n<p style=\"font-size:17px\">Saisir et historiciser la <strong>diversit\u00e9 des exp\u00e9riences<\/strong> de l&rsquo;eutrophisation<br><br><br><\/p>\n\n\n\n<div class=\"wp-block-buttons is-content-justification-center is-layout-flex wp-container-core-buttons-is-layout-16018d1d wp-block-buttons-is-layout-flex\">\n<div class=\"wp-block-button has-custom-width wp-block-button__width-75\"><a class=\"wp-block-button__link has-white-color has-text-color has-link-color has-text-align-center wp-element-button\" href=\"http:\/\/greenseas.fr\/index.php\/le-projet\/axes-de-recherches\/le-volet-1-wp1-2\/\">En savoir plus<\/a><\/div>\n<\/div>\n<\/div><\/div>\n<\/div><\/div>\n<\/div>\n\n\n\n<div class=\"wp-block-column is-layout-flow wp-block-column-is-layout-flow\">\n<div class=\"wp-block-group\"><div class=\"wp-block-group__inner-container is-layout-constrained wp-block-group-is-layout-constrained\">\n<div class=\"wp-block-cover is-light wp-elements-d0603acd69711285439694195379aa4f\" style=\"min-height:328px;aspect-ratio:unset;\"><span aria-hidden=\"true\" class=\"wp-block-cover__background has-cyan-bluish-gray-background-color has-background-dim-20 has-background-dim\"><\/span><div class=\"wp-block-cover__inner-container is-layout-constrained wp-block-cover-is-layout-constrained\">\n<h1 class=\"wp-block-heading has-text-align-center\"><strong>Volet 2 (WP2)<\/strong><\/h1>\n\n\n\n<p class=\"has-text-align-left\" style=\"font-size:17px\">Caract\u00e9riser les <strong>dynamiques biophysiques<\/strong>, dans l&rsquo;espace et dans le temps, le long du continuum terre-mer<br><br><\/p>\n\n\n\n<div class=\"wp-block-buttons is-content-justification-center is-layout-flex wp-container-core-buttons-is-layout-16018d1d wp-block-buttons-is-layout-flex\">\n<div class=\"wp-block-button has-custom-width wp-block-button__width-75\"><a class=\"wp-block-button__link has-white-color has-text-color has-link-color has-text-align-center wp-element-button\" href=\"http:\/\/greenseas.fr\/index.php\/le-projet\/axes-de-recherches\/le-volet-2-wp2\/\">En savoir plus<\/a><\/div>\n<\/div>\n<\/div><\/div>\n<\/div><\/div>\n<\/div>\n\n\n\n<div class=\"wp-block-column is-layout-flow wp-block-column-is-layout-flow\">\n<div class=\"wp-block-group\"><div class=\"wp-block-group__inner-container is-layout-constrained wp-block-group-is-layout-constrained\">\n<div class=\"wp-block-cover is-light wp-elements-25fb18c627c6fd57ccc0ff81ed5addc5\" style=\"min-height:329px;aspect-ratio:unset;\"><span aria-hidden=\"true\" class=\"wp-block-cover__background has-cyan-bluish-gray-background-color has-background-dim-20 has-background-dim\"><\/span><div class=\"wp-block-cover__inner-container is-layout-constrained wp-block-cover-is-layout-constrained\">\n<h1 class=\"wp-block-heading has-text-align-center\"><strong>Volet 3 (WP3)<\/strong><\/h1>\n\n\n\n<p class=\"has-text-align-left\" style=\"font-size:17px\">Retracer <strong>l&rsquo;institutionnalisation de la gouvernance <\/strong>de l&rsquo;eutrophisation et ses instruments, \u00e0 diff\u00e9rents niveaux d&rsquo;organisation<\/p>\n\n\n\n<div class=\"wp-block-buttons is-content-justification-center is-layout-flex wp-container-core-buttons-is-layout-16018d1d wp-block-buttons-is-layout-flex\">\n<div class=\"wp-block-button has-custom-width wp-block-button__width-75\"><a class=\"wp-block-button__link has-white-color has-text-color has-link-color has-text-align-center wp-element-button\" href=\"http:\/\/greenseas.fr\/index.php\/le-projet\/axes-de-recherches\/le-volet-1-wp1\/\">En savoir plus<\/a><\/div>\n<\/div>\n<\/div><\/div>\n<\/div><\/div>\n<\/div>\n<\/div>\n<\/div><\/div>\n\n\n\n<div class=\"wp-block-columns is-layout-flex wp-container-core-columns-is-layout-9d6595d7 wp-block-columns-is-layout-flex\">\n<div class=\"wp-block-column is-layout-flow wp-block-column-is-layout-flow\">\n<div class=\"wp-block-cover is-light wp-elements-da5815dab7b8846465011fd13ab0cdac\" style=\"min-height:250px;aspect-ratio:unset;\"><span aria-hidden=\"true\" class=\"wp-block-cover__background has-cyan-bluish-gray-background-color has-background-dim-20 has-background-dim\"><\/span><div class=\"wp-block-cover__inner-container is-layout-constrained wp-block-cover-is-layout-constrained\">\n<h1 class=\"wp-block-heading has-text-align-center\"><strong>Volet 4 (WP4)<\/strong><\/h1>\n\n\n\n<p class=\"has-text-align-center\" style=\"font-size:17px\">Identifier les<strong> propri\u00e9t\u00e9s \u00e9mergentes du socio-\u00e9cosyst\u00e8me et p\u00e9riodiser son fonctionnement<\/strong><\/p>\n\n\n\n<div class=\"wp-block-buttons is-content-justification-center is-layout-flex wp-container-core-buttons-is-layout-16018d1d wp-block-buttons-is-layout-flex\">\n<div class=\"wp-block-button has-custom-width wp-block-button__width-25\"><a class=\"wp-block-button__link has-white-color has-text-color has-link-color has-text-align-center wp-element-button\" href=\"http:\/\/greenseas.fr\/index.php\/le-projet\/axes-de-recherches\/le-volet-4-wp4\/\">En savoir plus<\/a><\/div>\n<\/div>\n<\/div><\/div>\n<\/div>\n<\/div>\n<\/div><\/div>\n<\/div><\/div>\n\n\n\n<p class=\"has-black-color has-text-color has-link-color wp-elements-06f7a6cb637c4091849051c45b960b7d\" style=\"font-size:17px\">A ses 4 volets de recherche th\u00e9matiques s&rsquo;ajoute un 5\u00e8me volet d\u00e9di\u00e9 \u00e0 la coordination du projet et \u00e0 l&rsquo;organisation des interactions avec les partenaires.<\/p>\n\n\n\n<p><\/p>\n","protected":false},"excerpt":{"rendered":"<p>GreenSeas s&rsquo;organise en 4 volets de recherches : A ses 4 volets de recherche th\u00e9matiques s&rsquo;ajoute un 5\u00e8me volet d\u00e9di\u00e9 \u00e0 la coordination du projet et \u00e0 l&rsquo;organisation des interactions avec les partenaires.<\/p>\n","protected":false},"author":2,"featured_media":0,"parent":14,"menu_order":1,"comment_status":"closed","ping_status":"closed","template":"page-templates\/full-width.php","meta":{"_acf_changed":false,"footnotes":""},"class_list":["post-17","page","type-page","status-publish","hentry"],"acf":[],"_links":{"self":[{"href":"http:\/\/greenseas.fr\/index.php\/wp-json\/wp\/v2\/pages\/17","targetHints":{"allow":["GET"]}}],"collection":[{"href":"http:\/\/greenseas.fr\/index.php\/wp-json\/wp\/v2\/pages"}],"about":[{"href":"http:\/\/greenseas.fr\/index.php\/wp-json\/wp\/v2\/types\/page"}],"author":[{"embeddable":true,"href":"http:\/\/greenseas.fr\/index.php\/wp-json\/wp\/v2\/users\/2"}],"replies":[{"embeddable":true,"href":"http:\/\/greenseas.fr\/index.php\/wp-json\/wp\/v2\/comments?post=17"}],"version-history":[{"count":12,"href":"http:\/\/greenseas.fr\/index.php\/wp-json\/wp\/v2\/pages\/17\/revisions"}],"predecessor-version":[{"id":474,"href":"http:\/\/greenseas.fr\/index.php\/wp-json\/wp\/v2\/pages\/17\/revisions\/474"}],"up":[{"embeddable":true,"href":"http:\/\/greenseas.fr\/index.php\/wp-json\/wp\/v2\/pages\/14"}],"wp:attachment":[{"href":"http:\/\/greenseas.fr\/index.php\/wp-json\/wp\/v2\/media?parent=17"}],"curies":[{"name":"wp","href":"https:\/\/api.w.org\/{rel}","templated":true}]}}