{"id":19,"date":"2022-12-18T16:12:06","date_gmt":"2022-12-18T15:12:06","guid":{"rendered":"http:\/\/greenseas.fr\/?page_id=19"},"modified":"2024-11-13T17:08:32","modified_gmt":"2024-11-13T16:08:32","slug":"financement","status":"publish","type":"page","link":"http:\/\/greenseas.fr\/index.php\/le-projet\/financement\/","title":{"rendered":"Le financement"},"content":{"rendered":"\n<p class=\"has-black-color has-text-color has-link-color wp-elements-bce98468b0889a70fa1504555a0dba74\" style=\"font-size:15px\">Le projet GreenSeas est financ\u00e9 par l&rsquo;appel \u00e0 projets g\u00e9n\u00e9rique 2022 de l&rsquo;Agence Nationale pour la Recherche (<a href=\"https:\/\/anr.fr\/fr\/\">https:\/\/anr.fr\/fr\/<\/a>), dans le cadre de l&rsquo;axe transversal \u00ab\u00a0Science de la durabilit\u00e9\u00a0\u00bb.<\/p>\n\n\n\n<p class=\"has-black-color has-text-color has-link-color wp-elements-fc89e02ce6cfb14b8f6a3e57d332ac75\" style=\"font-size:15px\">GreenSeas est dot\u00e9 d&rsquo;un financement de 703 k\u20ac sur 4 ans (2022-2026).<\/p>\n\n\n\n<figure class=\"wp-block-image size-large\"><img decoding=\"async\" src=\"https:\/\/anr.fr\/typo3conf\/ext\/anr_skin\/Resources\/Public\/assets\/img\/anr-logo-2021.png\" alt=\"\"\/><\/figure>\n\n\n\n<p><\/p>\n","protected":false},"excerpt":{"rendered":"<p>Le projet GreenSeas est financ\u00e9 par l&rsquo;appel \u00e0 projets g\u00e9n\u00e9rique 2022 de l&rsquo;Agence Nationale pour la Recherche (https:\/\/anr.fr\/fr\/), dans le cadre de l&rsquo;axe transversal \u00ab\u00a0Science de la durabilit\u00e9\u00a0\u00bb. GreenSeas est dot\u00e9 d&rsquo;un financement de 703 k\u20ac sur 4 ans (2022-2026).<\/p>\n","protected":false},"author":2,"featured_media":0,"parent":14,"menu_order":2,"comment_status":"closed","ping_status":"closed","template":"page-templates\/full-width.php","meta":{"_acf_changed":false,"footnotes":""},"class_list":["post-19","page","type-page","status-publish","hentry"],"acf":[],"_links":{"self":[{"href":"http:\/\/greenseas.fr\/index.php\/wp-json\/wp\/v2\/pages\/19","targetHints":{"allow":["GET"]}}],"collection":[{"href":"http:\/\/greenseas.fr\/index.php\/wp-json\/wp\/v2\/pages"}],"about":[{"href":"http:\/\/greenseas.fr\/index.php\/wp-json\/wp\/v2\/types\/page"}],"author":[{"embeddable":true,"href":"http:\/\/greenseas.fr\/index.php\/wp-json\/wp\/v2\/users\/2"}],"replies":[{"embeddable":true,"href":"http:\/\/greenseas.fr\/index.php\/wp-json\/wp\/v2\/comments?post=19"}],"version-history":[{"count":5,"href":"http:\/\/greenseas.fr\/index.php\/wp-json\/wp\/v2\/pages\/19\/revisions"}],"predecessor-version":[{"id":476,"href":"http:\/\/greenseas.fr\/index.php\/wp-json\/wp\/v2\/pages\/19\/revisions\/476"}],"up":[{"embeddable":true,"href":"http:\/\/greenseas.fr\/index.php\/wp-json\/wp\/v2\/pages\/14"}],"wp:attachment":[{"href":"http:\/\/greenseas.fr\/index.php\/wp-json\/wp\/v2\/media?parent=19"}],"curies":[{"name":"wp","href":"https:\/\/api.w.org\/{rel}","templated":true}]}}