{"id":2,"date":"2022-11-30T12:01:26","date_gmt":"2022-11-30T11:01:26","guid":{"rendered":"http:\/\/greenseas.fr\/?page_id=2"},"modified":"2024-11-20T14:41:01","modified_gmt":"2024-11-20T13:41:01","slug":"page-d-exemple","status":"publish","type":"page","link":"http:\/\/greenseas.fr\/index.php\/page-d-exemple\/","title":{"rendered":"Les partenaires"},"content":{"rendered":"\n<p class=\"has-black-color has-text-color has-link-color wp-elements-ba972f15cab901b72a46e7db80f0c5de\" style=\"font-size:15px\">Le projet Greenseas s&rsquo;est construit entre 13 partenaires. <\/p>\n\n\n\n<p class=\"has-black-color has-text-color has-link-color wp-elements-3b1d54f860aba0df79a3716bb3695c45\" style=\"font-size:15px\"><strong>9<\/strong> <strong>d&rsquo;entre eux sont des partenaires scientifiques<\/strong>. <\/p>\n\n\n\n<p class=\"has-black-color has-text-color has-link-color wp-elements-9a6c3391f82fc4388f85f5e715af1d28\" style=\"font-size:15px\">Nous comptons huit laboratoires scientifiques publics bas\u00e9s \u00e0 Brest, Rennes, Montpellier ou en r\u00e9gion parisienne regroupant une vari\u00e9t\u00e9 de disciplines scientifiques, ainsi qu&rsquo;un institut technique agricole.<\/p>\n\n\n\n<div class=\"wp-block-buttons is-content-justification-center is-layout-flex wp-container-core-buttons-is-layout-16018d1d wp-block-buttons-is-layout-flex\">\n<div class=\"wp-block-button has-custom-width wp-block-button__width-25\"><a class=\"wp-block-button__link has-white-color has-text-color has-link-color wp-element-button\" href=\"http:\/\/greenseas.fr\/index.php\/page-d-exemple\/les-partenaires-scientifiques\/\">En savoir plus<\/a><\/div>\n<\/div>\n\n\n\n<p class=\"has-black-color has-text-color has-link-color wp-elements-9860f55b7d384375b4cf442a4c74eed7\" style=\"font-size:15px\"><strong>4 d&rsquo;entre eux sont des partenaires extra-scientifiques :<\/strong><\/p>\n\n\n\n<p class=\"has-black-color has-text-color has-link-color wp-elements-00fbbf3eca12d3260bfd4dcfa3e4c79d\" style=\"font-size:15px\">Nous comptons ont deux associations, un groupement d&rsquo;int\u00e9r\u00eat scientifique (GIS), et un \u00e9tablissement de gestion public.<\/p>\n\n\n\n<div class=\"wp-block-buttons is-content-justification-center is-layout-flex wp-container-core-buttons-is-layout-16018d1d wp-block-buttons-is-layout-flex\">\n<div class=\"wp-block-button has-custom-width wp-block-button__width-25\"><a class=\"wp-block-button__link has-white-color has-text-color has-link-color wp-element-button\" href=\"http:\/\/greenseas.fr\/index.php\/page-d-exemple\/les-autres-partenaires\/\">En savoir plus<\/a><\/div>\n<\/div>\n\n\n\n<p><\/p>\n","protected":false},"excerpt":{"rendered":"<p>Le projet Greenseas s&rsquo;est construit entre 13 partenaires. 9 d&rsquo;entre eux sont des partenaires scientifiques. Nous comptons huit laboratoires scientifiques publics bas\u00e9s \u00e0 Brest, Rennes, Montpellier ou en r\u00e9gion parisienne regroupant une vari\u00e9t\u00e9 de disciplines scientifiques, ainsi qu&rsquo;un institut technique agricole. 4 d&rsquo;entre eux sont des partenaires extra-scientifiques : Nous comptons ont deux associations, un [&hellip;]<\/p>\n","protected":false},"author":1,"featured_media":0,"parent":0,"menu_order":0,"comment_status":"closed","ping_status":"open","template":"page-templates\/full-width.php","meta":{"_acf_changed":false,"footnotes":""},"class_list":["post-2","page","type-page","status-publish","hentry"],"acf":[],"_links":{"self":[{"href":"http:\/\/greenseas.fr\/index.php\/wp-json\/wp\/v2\/pages\/2","targetHints":{"allow":["GET"]}}],"collection":[{"href":"http:\/\/greenseas.fr\/index.php\/wp-json\/wp\/v2\/pages"}],"about":[{"href":"http:\/\/greenseas.fr\/index.php\/wp-json\/wp\/v2\/types\/page"}],"author":[{"embeddable":true,"href":"http:\/\/greenseas.fr\/index.php\/wp-json\/wp\/v2\/users\/1"}],"replies":[{"embeddable":true,"href":"http:\/\/greenseas.fr\/index.php\/wp-json\/wp\/v2\/comments?post=2"}],"version-history":[{"count":4,"href":"http:\/\/greenseas.fr\/index.php\/wp-json\/wp\/v2\/pages\/2\/revisions"}],"predecessor-version":[{"id":550,"href":"http:\/\/greenseas.fr\/index.php\/wp-json\/wp\/v2\/pages\/2\/revisions\/550"}],"wp:attachment":[{"href":"http:\/\/greenseas.fr\/index.php\/wp-json\/wp\/v2\/media?parent=2"}],"curies":[{"name":"wp","href":"https:\/\/api.w.org\/{rel}","templated":true}]}}