{"id":259,"date":"2023-01-29T16:19:35","date_gmt":"2023-01-29T15:19:35","guid":{"rendered":"http:\/\/greenseas.fr\/?page_id=259"},"modified":"2025-11-04T12:45:49","modified_gmt":"2025-11-04T11:45:49","slug":"les-publications-scientifiques","status":"publish","type":"page","link":"http:\/\/greenseas.fr\/index.php\/les-productions\/les-publications-scientifiques\/","title":{"rendered":"Les publications scientifiques"},"content":{"rendered":"\n<p class=\"has-black-color has-text-color has-link-color has-medium-font-size wp-elements-38a02e65b1610795fd2b9a83eba53a21\">Cette page regroupe les productions scientifiques du consortium Greenseas.<\/p>\n\n\n\n<p class=\"has-white-color has-text-color has-background has-link-color has-medium-font-size wp-elements-8982879618f0c60efb68e452b2572749\" style=\"background-color:#144c79\"><strong>Rapports de stage<\/strong><\/p>\n\n\n\n<p class=\"has-text-color has-link-color has-medium-font-size wp-elements-52ab0943f3df02b4e1f9ee156de3ae95\" style=\"color:#229cb2\"><strong>2023<\/strong><\/p>\n\n\n\n<div class=\"wp-block-columns is-layout-flex wp-container-core-columns-is-layout-9d6595d7 wp-block-columns-is-layout-flex\">\n<div class=\"wp-block-column is-layout-flow wp-block-column-is-layout-flow\" style=\"flex-basis:33%\">\n<div class=\"wp-block-media-text is-stacked-on-mobile is-vertically-aligned-top\" style=\"grid-template-columns:47% auto\"><figure class=\"wp-block-media-text__media\"><img loading=\"lazy\" decoding=\"async\" width=\"641\" height=\"830\" src=\"http:\/\/greenseas.fr\/wp-content\/uploads\/2023\/07\/pauline-guichaoua-1.jpg\" alt=\"\" class=\"wp-image-374 size-full\" srcset=\"http:\/\/greenseas.fr\/wp-content\/uploads\/2023\/07\/pauline-guichaoua-1.jpg 641w, http:\/\/greenseas.fr\/wp-content\/uploads\/2023\/07\/pauline-guichaoua-1-232x300.jpg 232w\" sizes=\"auto, (max-width: 641px) 100vw, 641px\" \/><\/figure><div class=\"wp-block-media-text__content\">\n<p class=\"has-black-color has-text-color has-link-color wp-elements-d2d8a87ca1dec4b39559aa5ce007ff72\" style=\"font-size:15px\"><strong>Pauline Guichaoua<br><\/strong>sociologie<\/p>\n<\/div><\/div>\n<\/div>\n\n\n\n<div class=\"wp-block-column is-layout-flow wp-block-column-is-layout-flow\">\n<p class=\"has-black-color has-text-color has-link-color wp-elements-f709810f80c4de274d7d5b02e83f8ced\" style=\"font-size:15px\">L&rsquo;objectif de ce travail \u00e9tait d&rsquo;identifier, \u00e0 l&rsquo;\u00e9chelle de la Bretagne, si les territoires touch\u00e9s par l&rsquo;eutrophisation c\u00f4ti\u00e8re connaissent des dynamiques sp\u00e9cifiques de reterritorialisation de l&rsquo;agriculture, en examinant en particulier les Projets Alimentaires de Territoire (PAT) qui se d\u00e9ploient depuis le d\u00e9but des ann\u00e9es 2010 en France.<\/p>\n\n\n\n<div class=\"wp-block-buttons is-layout-flex wp-block-buttons-is-layout-flex\">\n<div class=\"wp-block-button\"><a class=\"wp-block-button__link has-white-color has-text-color has-link-color wp-element-button\" href=\"http:\/\/greenseas.fr\/wp-content\/uploads\/2023\/07\/20230502_GS_CaracterisationPAT_BVAV_V1-1.pdf\">T\u00e9l\u00e9charger la note de recherche<\/a><\/div>\n<\/div>\n<\/div>\n<\/div>\n\n\n\n<p class=\"has-text-color has-link-color has-medium-font-size wp-elements-8a2b4b376d78a2209f885dd08f88445c\" style=\"color:#229cb2\"><strong>2024<\/strong><\/p>\n\n\n\n<div class=\"wp-block-columns is-layout-flex wp-container-core-columns-is-layout-9d6595d7 wp-block-columns-is-layout-flex\">\n<div class=\"wp-block-column is-layout-flow wp-block-column-is-layout-flow\" style=\"flex-basis:33%\">\n<div class=\"wp-block-media-text is-stacked-on-mobile is-vertically-aligned-top\" style=\"grid-template-columns:47% auto\"><figure class=\"wp-block-media-text__media\"><img loading=\"lazy\" decoding=\"async\" width=\"225\" height=\"225\" src=\"http:\/\/greenseas.fr\/wp-content\/uploads\/2024\/11\/avatar.png\" alt=\"\" class=\"wp-image-511 size-full\" srcset=\"http:\/\/greenseas.fr\/wp-content\/uploads\/2024\/11\/avatar.png 225w, http:\/\/greenseas.fr\/wp-content\/uploads\/2024\/11\/avatar-150x150.png 150w\" sizes=\"auto, (max-width: 225px) 100vw, 225px\" \/><\/figure><div class=\"wp-block-media-text__content\">\n<p class=\"has-black-color has-text-color has-link-color wp-elements-29dd77507087310db48b7669fad8687c\" style=\"font-size:15px\"><strong>Francesca Aloisi <\/strong>agronomie<\/p>\n<\/div><\/div>\n<\/div>\n\n\n\n<div class=\"wp-block-column is-layout-flow wp-block-column-is-layout-flow\">\n<p class=\"has-black-color has-text-color has-link-color wp-elements-d74af16f92b6983c7be815571c2301f5\" style=\"font-size:15px\">Ce travail a permis un diagnostic agricole du Porzay et du Pays de Douarnenez, en utilisant la m\u00e9thode du diagnostic agraire, con\u00e7ue pour comprendre et caract\u00e9riser l\u2019\u00e9volution de l\u2019agriculture d\u2019un territoire. Un grand nombres d\u2019entretiens avec des agricult\u00b7eur\u00b7rice\u00b7s retrait\u00e9s, lui ont permis de retracer l\u2019\u00e9volution de l\u2019agriculture de la zone, de la polyculture-\u00e9levage des ann\u00e9es 50 aux sp\u00e9cialisations progressives \u2013 laiti\u00e8re puis porcine \u2013 et jusqu\u2019aux ann\u00e9es 2020.<\/p>\n\n\n\n<div class=\"wp-block-buttons is-layout-flex wp-block-buttons-is-layout-flex\">\n<div class=\"wp-block-button\"><a class=\"wp-block-button__link has-white-color has-text-color has-link-color wp-element-button\">T\u00e9l\u00e9charger le rapport de stage<\/a><\/div>\n<\/div>\n<\/div>\n<\/div>\n\n\n\n<div class=\"wp-block-columns is-layout-flex wp-container-core-columns-is-layout-9d6595d7 wp-block-columns-is-layout-flex\">\n<div class=\"wp-block-column is-layout-flow wp-block-column-is-layout-flow\" style=\"flex-basis:33%\">\n<div class=\"wp-block-media-text is-stacked-on-mobile is-vertically-aligned-top\" style=\"grid-template-columns:47% auto\"><figure class=\"wp-block-media-text__media\"><img loading=\"lazy\" decoding=\"async\" width=\"225\" height=\"225\" src=\"http:\/\/greenseas.fr\/wp-content\/uploads\/2024\/11\/avatar.png\" alt=\"\" class=\"wp-image-511 size-full\" srcset=\"http:\/\/greenseas.fr\/wp-content\/uploads\/2024\/11\/avatar.png 225w, http:\/\/greenseas.fr\/wp-content\/uploads\/2024\/11\/avatar-150x150.png 150w\" sizes=\"auto, (max-width: 225px) 100vw, 225px\" \/><\/figure><div class=\"wp-block-media-text__content\">\n<p class=\"has-black-color has-text-color has-link-color wp-elements-0ded12d46cd5e1959f765598993db0f0\" style=\"font-size:15px\"><strong>Emma Ch\u00e2teau <\/strong>Economie<\/p>\n<\/div><\/div>\n<\/div>\n\n\n\n<div class=\"wp-block-column is-layout-flow wp-block-column-is-layout-flow\">\n<p class=\"has-black-color has-text-color has-link-color wp-elements-db1c9c6e344b7b05cd433029cadbd78f\" style=\"font-size:15px\">La mise \u00e0 l&rsquo;agenda politique des ph\u00e9nom\u00e8nes d&rsquo;eutrophisation en baie de Douarnenez : replacer les injustices et responsabilit\u00e9s ?<\/p>\n\n\n\n<div class=\"wp-block-buttons is-layout-flex wp-block-buttons-is-layout-flex\">\n<div class=\"wp-block-button\"><a class=\"wp-block-button__link has-white-color has-text-color has-link-color wp-element-button\" href=\"http:\/\/greenseas.fr\/wp-content\/uploads\/2024\/12\/CHATEAU-Emma-Memoire-PEPS-2024.pdf\">T\u00e9l\u00e9charger le rapport de stage<\/a><\/div>\n<\/div>\n<\/div>\n<\/div>\n\n\n\n<div class=\"wp-block-columns is-layout-flex wp-container-core-columns-is-layout-9d6595d7 wp-block-columns-is-layout-flex\">\n<div class=\"wp-block-column is-layout-flow wp-block-column-is-layout-flow\" style=\"flex-basis:33%\">\n<div class=\"wp-block-media-text is-stacked-on-mobile is-vertically-aligned-top\" style=\"grid-template-columns:47% auto\"><figure class=\"wp-block-media-text__media\"><img loading=\"lazy\" decoding=\"async\" width=\"225\" height=\"225\" src=\"http:\/\/greenseas.fr\/wp-content\/uploads\/2024\/11\/avatar.png\" alt=\"\" class=\"wp-image-511 size-full\" srcset=\"http:\/\/greenseas.fr\/wp-content\/uploads\/2024\/11\/avatar.png 225w, http:\/\/greenseas.fr\/wp-content\/uploads\/2024\/11\/avatar-150x150.png 150w\" sizes=\"auto, (max-width: 225px) 100vw, 225px\" \/><\/figure><div class=\"wp-block-media-text__content\">\n<p class=\"has-black-color has-text-color has-link-color wp-elements-140bf65d136de0069c944da94ac417bf\" style=\"font-size:15px\"><strong>No\u00e9 Desmares<br><\/strong>g\u00e9ographie<\/p>\n<\/div><\/div>\n<\/div>\n\n\n\n<div class=\"wp-block-column is-layout-flow wp-block-column-is-layout-flow\">\n<p class=\"has-black-color has-text-color has-link-color wp-elements-3aa5292fca532ca84a25ca50cc180ea0\" style=\"font-size:15px\">Les objectifs principaux de cette \u00e9tude sont d\u2019inventorier les op\u00e9rations de restauration et de d\u00e9crire la dynamique de la v\u00e9g\u00e9tation rivulaire. Quelles sont les trajectoires de v\u00e9g\u00e9tations des milieux rivulaires (ouverture\/fermeture) ? Le boisement spontan\u00e9 peut-il \u00eatre consid\u00e9r\u00e9 comme un ph\u00e9nom\u00e8ne favorable \u00e0 la biodiversit\u00e9 et \u00e0 la qualit\u00e9 de l\u2019eau ?<\/p>\n\n\n\n<div class=\"wp-block-buttons is-layout-flex wp-block-buttons-is-layout-flex\">\n<div class=\"wp-block-button\"><a class=\"wp-block-button__link has-white-color has-text-color has-link-color wp-element-button\" href=\"http:\/\/greenseas.fr\/wp-content\/uploads\/2024\/12\/M1_EGEL_2024_DESMARES-Noe_RAPPORT.pdf\">T\u00e9l\u00e9charger le rapport de stage<\/a><\/div>\n<\/div>\n<\/div>\n<\/div>\n\n\n\n<div class=\"wp-block-columns is-layout-flex wp-container-core-columns-is-layout-9d6595d7 wp-block-columns-is-layout-flex\">\n<div class=\"wp-block-column is-layout-flow wp-block-column-is-layout-flow\" style=\"flex-basis:33%\">\n<div class=\"wp-block-media-text is-stacked-on-mobile is-vertically-aligned-top\" style=\"grid-template-columns:47% auto\"><figure class=\"wp-block-media-text__media\"><img loading=\"lazy\" decoding=\"async\" width=\"361\" height=\"380\" src=\"http:\/\/greenseas.fr\/wp-content\/uploads\/2025\/01\/antonin-khosrovaninejad.jpg\" alt=\"\" class=\"wp-image-771 size-full\" srcset=\"http:\/\/greenseas.fr\/wp-content\/uploads\/2025\/01\/antonin-khosrovaninejad.jpg 361w, http:\/\/greenseas.fr\/wp-content\/uploads\/2025\/01\/antonin-khosrovaninejad-285x300.jpg 285w\" sizes=\"auto, (max-width: 361px) 100vw, 361px\" \/><\/figure><div class=\"wp-block-media-text__content\">\n<p class=\"has-black-color has-text-color has-link-color wp-elements-c45f5975f91f731a58471759ee4cdbea\" style=\"font-size:15px\"><strong>Antonin Khosrovaninejad<br><\/strong>science politique<\/p>\n<\/div><\/div>\n<\/div>\n\n\n\n<div class=\"wp-block-column is-layout-flow wp-block-column-is-layout-flow\">\n<p class=\"has-black-color has-text-color has-link-color wp-elements-3aa5292fca532ca84a25ca50cc180ea0\" style=\"font-size:15px\">Les objectifs principaux de cette \u00e9tude sont d\u2019inventorier les op\u00e9rations de restauration et de d\u00e9crire la dynamique de la v\u00e9g\u00e9tation rivulaire. Quelles sont les trajectoires de v\u00e9g\u00e9tations des milieux rivulaires (ouverture\/fermeture) ? Le boisement spontan\u00e9 peut-il \u00eatre consid\u00e9r\u00e9 comme un ph\u00e9nom\u00e8ne favorable \u00e0 la biodiversit\u00e9 et \u00e0 la qualit\u00e9 de l\u2019eau ?<\/p>\n\n\n\n<div class=\"wp-block-buttons is-layout-flex wp-block-buttons-is-layout-flex\">\n<div class=\"wp-block-button\"><a class=\"wp-block-button__link has-white-color has-text-color has-link-color wp-element-button\" href=\"http:\/\/greenseas.fr\/wp-content\/uploads\/2025\/01\/Rapport-stage-algues-vertes_Antonin-Khosrovaninejad_20250105.pdf\">T\u00e9l\u00e9charger le rapport de stage<\/a><\/div>\n<\/div>\n<\/div>\n<\/div>\n\n\n\n<p class=\"has-text-color has-link-color has-medium-font-size wp-elements-0e079a13aee89d39c5cbe45b3b106ec6\" style=\"color:#229cb2\"><strong>2025<\/strong><\/p>\n\n\n\n<div class=\"wp-block-columns is-layout-flex wp-container-core-columns-is-layout-9d6595d7 wp-block-columns-is-layout-flex\">\n<div class=\"wp-block-column is-layout-flow wp-block-column-is-layout-flow\" style=\"flex-basis:33%\">\n<div class=\"wp-block-media-text is-stacked-on-mobile is-vertically-aligned-top\" style=\"grid-template-columns:47% auto\"><figure class=\"wp-block-media-text__media\"><img loading=\"lazy\" decoding=\"async\" width=\"1024\" height=\"1024\" src=\"http:\/\/greenseas.fr\/wp-content\/uploads\/2025\/07\/chausse-meynard_silas-1024x1024.jpg\" alt=\"\" class=\"wp-image-844 size-full\" srcset=\"http:\/\/greenseas.fr\/wp-content\/uploads\/2025\/07\/chausse-meynard_silas-1024x1024.jpg 1024w, http:\/\/greenseas.fr\/wp-content\/uploads\/2025\/07\/chausse-meynard_silas-300x300.jpg 300w, http:\/\/greenseas.fr\/wp-content\/uploads\/2025\/07\/chausse-meynard_silas-150x150.jpg 150w, http:\/\/greenseas.fr\/wp-content\/uploads\/2025\/07\/chausse-meynard_silas-768x767.jpg 768w, http:\/\/greenseas.fr\/wp-content\/uploads\/2025\/07\/chausse-meynard_silas-1536x1534.jpg 1536w, http:\/\/greenseas.fr\/wp-content\/uploads\/2025\/07\/chausse-meynard_silas.jpg 1856w\" sizes=\"auto, (max-width: 1024px) 100vw, 1024px\" \/><\/figure><div class=\"wp-block-media-text__content\">\n<p class=\"has-black-color has-text-color has-link-color wp-elements-489a917d909ef96f133c44f831a85dc1\" style=\"font-size:15px\"><strong>Silas Chausse-Meynard <\/strong><br>science politique<\/p>\n<\/div><\/div>\n<\/div>\n\n\n\n<div class=\"wp-block-column is-layout-flow wp-block-column-is-layout-flow\">\n<p class=\"has-black-color has-text-color has-link-color wp-elements-986b38c795dcbc100eb9eda8de6442af\" style=\"font-size:15px\">Ce stage avait pour objectif l\u2019analyse des discours des organisations professionnelles majoritaires, du syndicalisme majoritaire aux organisations \u00e9conomiques dominantes du d\u00e9partement du Finist\u00e8re, face au probl\u00e8me croissant, entre 1990 et 2020, des pollutions azot\u00e9es et des algues vertes.&nbsp;<\/p>\n\n\n\n<div class=\"wp-block-buttons is-layout-flex wp-block-buttons-is-layout-flex\">\n<div class=\"wp-block-button\"><a class=\"wp-block-button__link has-white-color has-text-color has-link-color wp-element-button\" href=\"http:\/\/greenseas.fr\/wp-content\/uploads\/2025\/09\/Memoire-Silas-Chausse-Meynard.pdf\">T\u00e9l\u00e9charger le rapport de stage<\/a><\/div>\n<\/div>\n<\/div>\n<\/div>\n\n\n\n<div class=\"wp-block-columns is-layout-flex wp-container-core-columns-is-layout-9d6595d7 wp-block-columns-is-layout-flex\">\n<div class=\"wp-block-column is-layout-flow wp-block-column-is-layout-flow\" style=\"flex-basis:33%\">\n<div class=\"wp-block-media-text is-stacked-on-mobile is-vertically-aligned-top\" style=\"grid-template-columns:47% auto\"><figure class=\"wp-block-media-text__media\"><img loading=\"lazy\" decoding=\"async\" width=\"379\" height=\"378\" src=\"http:\/\/greenseas.fr\/wp-content\/uploads\/2025\/04\/Manu-Fonleno.jpg\" alt=\"\" class=\"wp-image-816 size-full\" srcset=\"http:\/\/greenseas.fr\/wp-content\/uploads\/2025\/04\/Manu-Fonleno.jpg 379w, http:\/\/greenseas.fr\/wp-content\/uploads\/2025\/04\/Manu-Fonleno-300x300.jpg 300w, http:\/\/greenseas.fr\/wp-content\/uploads\/2025\/04\/Manu-Fonleno-150x150.jpg 150w\" sizes=\"auto, (max-width: 379px) 100vw, 379px\" \/><\/figure><div class=\"wp-block-media-text__content\">\n<p class=\"has-black-color has-text-color has-link-color wp-elements-3d4b94624dc7887d6d5c8c205b49f93b\" style=\"font-size:15px\"><strong>Manu Fonleno<br><\/strong>sociologie<\/p>\n<\/div><\/div>\n<\/div>\n\n\n\n<div class=\"wp-block-column is-layout-flow wp-block-column-is-layout-flow\">\n<p class=\"has-black-color has-text-color has-link-color wp-elements-6418ead0829b3ddc68e072506d2b1b60\" style=\"font-size:15px\">Il\u00a0ressort de l\u2019\u00e9tude que la position socio-spatiale joue un r\u00f4le central dans la perception de l\u2019eutrophisation. Cette notion permet d\u2019articuler les logiques sociales et spatiales dans la compr\u00e9hension des pratiques sportives de nature. Plus pr\u00e9cis\u00e9ment, elle donne \u00e0 voir la fa\u00e7on dont les pratiquants de sports nautiques et littoraux per\u00e7oivent les ph\u00e9nom\u00e8nes d\u2019eutrophisation. Autrement dit,\u00a0touch\u00e9 par les mar\u00e9es vertes, l\u2019espace de pratique est per\u00e7u diff\u00e9remment selon les activit\u00e9s et pour des raisons socio-\u00e9conomiques, socio-culturelles, \u00e9cologiques, politiques ou symboliques<strong>.<\/strong><\/p>\n\n\n\n<div class=\"wp-block-buttons is-layout-flex wp-block-buttons-is-layout-flex\">\n<div class=\"wp-block-button\"><a class=\"wp-block-button__link has-white-color has-text-color has-link-color wp-element-button\" href=\"http:\/\/greenseas.fr\/wp-content\/uploads\/2025\/07\/M1_EGEL_2025_FONLENO-Manu_RAPPORT_V2.pdf\">T\u00e9l\u00e9charger le rapport de stage<\/a><\/div>\n<\/div>\n<\/div>\n<\/div>\n\n\n\n<p class=\"has-white-color has-text-color has-background has-link-color has-medium-font-size wp-elements-e428efd54db6c77216a412a65573b82f\" style=\"background-color:#144c79\"><strong>Articles<\/strong><\/p>\n\n\n\n<div class=\"wp-block-columns is-layout-flex wp-container-core-columns-is-layout-9d6595d7 wp-block-columns-is-layout-flex\">\n<div class=\"wp-block-column is-layout-flow wp-block-column-is-layout-flow\" style=\"flex-basis:30%\">\n<div class=\"wp-block-media-text is-stacked-on-mobile is-vertically-aligned-top\" style=\"grid-template-columns:47% auto\"><figure class=\"wp-block-media-text__media\"><img loading=\"lazy\" decoding=\"async\" width=\"318\" height=\"314\" src=\"http:\/\/greenseas.fr\/wp-content\/uploads\/2024\/11\/JMD.jpg\" alt=\"\" class=\"wp-image-602 size-full\" srcset=\"http:\/\/greenseas.fr\/wp-content\/uploads\/2024\/11\/JMD.jpg 318w, http:\/\/greenseas.fr\/wp-content\/uploads\/2024\/11\/JMD-300x296.jpg 300w\" sizes=\"auto, (max-width: 318px) 100vw, 318px\" \/><\/figure><div class=\"wp-block-media-text__content\">\n<p class=\"has-black-color has-text-color has-link-color wp-elements-2cadb55950b119e34cc539147b713449\" style=\"font-size:15px\"><strong>Jean-Marc Douguet<br><\/strong>\u00e9conomie<\/p>\n<\/div><\/div>\n<\/div>\n\n\n\n<div class=\"wp-block-column is-layout-flow wp-block-column-is-layout-flow\">\n<p class=\"has-black-color has-text-color has-link-color wp-elements-56f430158febe8ec8bc2ee69e5a9dbe4\" style=\"font-size:15px\">Douguet J.-M., O\u2019Connor M. (2024) \u00ab Dette \u00e9cologique et algues vertes en Bretagne \u00bb, Revue Analyse, Opinions, Critique, 29 janvier 2024<\/p>\n\n\n\n<div class=\"wp-block-buttons is-layout-flex wp-block-buttons-is-layout-flex\">\n<div class=\"wp-block-button\"><a class=\"wp-block-button__link has-white-color has-text-color has-link-color wp-element-button\" href=\"https:\/\/aoc.media\/analyse\/2024\/01\/28\/dette-ecologique-et-algues-vertes-en-bretagne\/\">Lien vers l&rsquo;article<\/a><\/div>\n<\/div>\n<\/div>\n<\/div>\n","protected":false},"excerpt":{"rendered":"<p>Cette page regroupe les productions scientifiques du consortium Greenseas. Rapports de stage 2023 Pauline Guichaouasociologie L&rsquo;objectif de ce travail \u00e9tait d&rsquo;identifier, \u00e0 l&rsquo;\u00e9chelle de la Bretagne, si les territoires touch\u00e9s par l&rsquo;eutrophisation c\u00f4ti\u00e8re connaissent des dynamiques sp\u00e9cifiques de reterritorialisation de l&rsquo;agriculture, en examinant en particulier les Projets Alimentaires de Territoire (PAT) qui se d\u00e9ploient depuis [&hellip;]<\/p>\n","protected":false},"author":2,"featured_media":0,"parent":257,"menu_order":1,"comment_status":"closed","ping_status":"closed","template":"page-templates\/full-width.php","meta":{"_acf_changed":false,"footnotes":""},"class_list":["post-259","page","type-page","status-publish","hentry"],"acf":[],"_links":{"self":[{"href":"http:\/\/greenseas.fr\/index.php\/wp-json\/wp\/v2\/pages\/259","targetHints":{"allow":["GET"]}}],"collection":[{"href":"http:\/\/greenseas.fr\/index.php\/wp-json\/wp\/v2\/pages"}],"about":[{"href":"http:\/\/greenseas.fr\/index.php\/wp-json\/wp\/v2\/types\/page"}],"author":[{"embeddable":true,"href":"http:\/\/greenseas.fr\/index.php\/wp-json\/wp\/v2\/users\/2"}],"replies":[{"embeddable":true,"href":"http:\/\/greenseas.fr\/index.php\/wp-json\/wp\/v2\/comments?post=259"}],"version-history":[{"count":12,"href":"http:\/\/greenseas.fr\/index.php\/wp-json\/wp\/v2\/pages\/259\/revisions"}],"predecessor-version":[{"id":929,"href":"http:\/\/greenseas.fr\/index.php\/wp-json\/wp\/v2\/pages\/259\/revisions\/929"}],"up":[{"embeddable":true,"href":"http:\/\/greenseas.fr\/index.php\/wp-json\/wp\/v2\/pages\/257"}],"wp:attachment":[{"href":"http:\/\/greenseas.fr\/index.php\/wp-json\/wp\/v2\/media?parent=259"}],"curies":[{"name":"wp","href":"https:\/\/api.w.org\/{rel}","templated":true}]}}