{"id":261,"date":"2023-01-29T16:21:16","date_gmt":"2023-01-29T15:21:16","guid":{"rendered":"http:\/\/greenseas.fr\/?page_id=261"},"modified":"2024-11-20T15:24:57","modified_gmt":"2024-11-20T14:24:57","slug":"les-recits","status":"publish","type":"page","link":"http:\/\/greenseas.fr\/index.php\/les-productions\/les-recits\/","title":{"rendered":"Les r\u00e9cits"},"content":{"rendered":"\n<p class=\"has-black-color has-text-color has-link-color wp-elements-49cc5650c0dca91bda180e4119e427b6\" style=\"font-size:15px\">Un des apports du projet Greenseas, est de relater la diversit\u00e9 des exp\u00e9riences v\u00e9cues de l\u2019eutrophisation sur le temps long.<\/p>\n\n\n\n<p class=\"has-black-color has-text-color has-link-color wp-elements-c9bbe56b7cf50c88c722f43c5bcc178c\" style=\"font-size:15px\">Cette page sera mise \u00e0 jour au fur et \u00e0 mesure du projet, avec les r\u00e9cits qui en \u00e9mergeront. <\/p>\n\n\n\n<p class=\"has-text-color has-link-color has-medium-font-size wp-elements-706787469794084d1aff17313a33a88c\" style=\"color:#144c79\"><strong>2021 &#8211; L&rsquo;exp\u00e9rience algues vertes &#8211; paroles d&rsquo;\u00e9lu.e.s<\/strong><\/p>\n\n\n\n<p class=\"has-black-color has-text-color has-link-color wp-elements-a762bc2b901a55dcf29d4c1914964142\" style=\"font-size:15px\"><strong>A partir du t\u00e9moignage de quatre \u00e9lus locaux<\/strong>, ce fil s&rsquo;attache&nbsp;\u00e0 rendre compte de leur v\u00e9cu, de leur exp\u00e9rience et de leur engagement autour de la probl\u00e9matique des algues vertes. &nbsp;Il n\u2019a pas vocation \u00e0 expliciter la probl\u00e9matique et l\u2019\u00e9tat actuel de la situation mais \u00e0 montrer l\u2019importance et la place des \u00e9lus, leurs difficult\u00e9s au cours du temps et la fa\u00e7on dont ils peuvent s\u2019engager, avec qui et par quels moyens.<\/p>\n\n\n\n<p class=\"has-black-color has-text-color has-link-color wp-elements-8a99155f1ef8c7e6af36987cd9bf1380\" style=\"font-size:15px\">Il a \u00e9t\u00e9 r\u00e9alis\u00e9 par Alix Levain et Mathurin Peschet en 2021<\/p>\n\n\n\n<figure class=\"wp-block-embed is-type-video is-provider-vimeo wp-block-embed-vimeo wp-embed-aspect-16-9 wp-has-aspect-ratio\"><div class=\"wp-block-embed__wrapper\">\n<iframe loading=\"lazy\" title=\"2021 - L&#039;exp\u00e9rience algues vertes - paroles d&#039;\u00e9lu.e.s\" src=\"https:\/\/player.vimeo.com\/video\/504344457?h=74208b6c50&amp;dnt=1&amp;app_id=122963\" width=\"1140\" height=\"641\" frameborder=\"0\" allow=\"autoplay; fullscreen; picture-in-picture; clipboard-write\"><\/iframe>\n<\/div><\/figure>\n","protected":false},"excerpt":{"rendered":"<p>Un des apports du projet Greenseas, est de relater la diversit\u00e9 des exp\u00e9riences v\u00e9cues de l\u2019eutrophisation sur le temps long. Cette page sera mise \u00e0 jour au fur et \u00e0 mesure du projet, avec les r\u00e9cits qui en \u00e9mergeront. 2021 &#8211; L&rsquo;exp\u00e9rience algues vertes &#8211; paroles d&rsquo;\u00e9lu.e.s A partir du t\u00e9moignage de quatre \u00e9lus locaux, [&hellip;]<\/p>\n","protected":false},"author":2,"featured_media":0,"parent":257,"menu_order":2,"comment_status":"closed","ping_status":"closed","template":"page-templates\/full-width.php","meta":{"_acf_changed":false,"footnotes":""},"class_list":["post-261","page","type-page","status-publish","hentry"],"acf":[],"_links":{"self":[{"href":"http:\/\/greenseas.fr\/index.php\/wp-json\/wp\/v2\/pages\/261","targetHints":{"allow":["GET"]}}],"collection":[{"href":"http:\/\/greenseas.fr\/index.php\/wp-json\/wp\/v2\/pages"}],"about":[{"href":"http:\/\/greenseas.fr\/index.php\/wp-json\/wp\/v2\/types\/page"}],"author":[{"embeddable":true,"href":"http:\/\/greenseas.fr\/index.php\/wp-json\/wp\/v2\/users\/2"}],"replies":[{"embeddable":true,"href":"http:\/\/greenseas.fr\/index.php\/wp-json\/wp\/v2\/comments?post=261"}],"version-history":[{"count":2,"href":"http:\/\/greenseas.fr\/index.php\/wp-json\/wp\/v2\/pages\/261\/revisions"}],"predecessor-version":[{"id":567,"href":"http:\/\/greenseas.fr\/index.php\/wp-json\/wp\/v2\/pages\/261\/revisions\/567"}],"up":[{"embeddable":true,"href":"http:\/\/greenseas.fr\/index.php\/wp-json\/wp\/v2\/pages\/257"}],"wp:attachment":[{"href":"http:\/\/greenseas.fr\/index.php\/wp-json\/wp\/v2\/media?parent=261"}],"curies":[{"name":"wp","href":"https:\/\/api.w.org\/{rel}","templated":true}]}}