{"id":456,"date":"2024-11-13T12:41:35","date_gmt":"2024-11-13T11:41:35","guid":{"rendered":"http:\/\/greenseas.fr\/?page_id=456"},"modified":"2024-12-04T09:34:30","modified_gmt":"2024-12-04T08:34:30","slug":"le-volet-3-wp3","status":"publish","type":"page","link":"http:\/\/greenseas.fr\/index.php\/le-projet\/axes-de-recherches\/le-volet-3-wp3\/","title":{"rendered":"Le volet 3 (WP3)"},"content":{"rendered":"\n<p class=\"has-text-align-center has-white-color has-text-color has-background has-link-color wp-elements-3b43f9adba4d9093c1388560ad6bb198\" style=\"background-color:#144c79;font-size:20px\">Retracer <strong>l&rsquo;institutionnalisation de la gouvernance <\/strong>de l&rsquo;eutrophisation et ses instruments, \u00e0 diff\u00e9rents niveaux d&rsquo;organisation<\/p>\n\n\n\n<p class=\"has-black-color has-text-color has-link-color wp-elements-cca374bde3101e8089c992fc3c24db05\" style=\"font-size:15px\">Ce volet s&rsquo;int\u00e9resse aux transformations, sur le temps long, de la gouvernance de l&rsquo;eutrophisation comprenant les instruments de politique publique, les arrangements institutionnels et les coalitions d&rsquo;acteurs. Il permettra de mieux comprendre comment ce syst\u00e8me s&rsquo;est construit et de connaitre ses r\u00e9sistances aux pressions ext\u00e9rieurs afin d&rsquo;identifier des voies alternatives et accroitre sa capacit\u00e9 d&rsquo;adaptation.<\/p>\n\n\n\n<p class=\"has-black-color has-text-color has-link-color wp-elements-617c8329ffbb8aed2b6d615c15bd2d0a\" style=\"font-size:15px\">Il s&rsquo;appuie sur la science politique, le droit, l&rsquo;\u00e9conomie institutionnelle et sur la sociologie des m\u00e9dias. <\/p>\n\n\n\n<p class=\"has-black-color has-text-color has-link-color wp-elements-ed7276c6386d65b180d79b39b2c3f1e8\" style=\"font-size:15px\">Il se d\u00e9cline sous trois axes :<\/p>\n\n\n\n<ul class=\"wp-block-list\">\n<li class=\"has-black-color has-text-color has-link-color wp-elements-1629b4be269c1c1fe32d248513a8d23b\" style=\"font-size:15px\">Un inventaire r\u00e9trospectif des instruments de politique publique li\u00e9s \u00e0 l&rsquo;eutrophisation afin de mieux comprendre leurs origine, inertie ou leur dynamisme<\/li>\n\n\n\n<li class=\"has-black-color has-text-color has-link-color wp-elements-afc8c35f1a81d55d48bec5ffc75db14a\" style=\"font-size:15px\">Une analyse de la production de donn\u00e9es et des outils de suivi de l&rsquo;eutrophisation ainsi que leur diffusion dans l&rsquo;ar\u00e8ne politique et aupr\u00e8s du grand public<\/li>\n\n\n\n<li class=\"has-black-color has-text-color has-link-color wp-elements-cfded91dbdde556b27b5bd165984a470\" style=\"font-size:15px\">Une description d\u00e9taill\u00e9e de l&rsquo;\u00e9volution de la jurisprudence sur les algues vertes en Europe.<\/li>\n<\/ul>\n\n\n\n<div class=\"wp-block-group\"><div class=\"wp-block-group__inner-container is-layout-constrained wp-block-group-is-layout-constrained\">\n<p class=\"has-text-color has-link-color has-medium-font-size wp-elements-095ca1ba437abc667d186acb9e0e763d\" style=\"color:#144c79\"><strong>Actualit\u00e9s en lien avec ce volet de recherche : <\/strong><\/p>\n\n\n<ul style=\"font-size:15px;\" class=\"wp-block-latest-posts__list wp-block-latest-posts\"><li><a class=\"wp-block-latest-posts__post-title\" href=\"http:\/\/greenseas.fr\/index.php\/2025\/09\/29\/que-disent-les-organisations-professionnelles-majoritaires-sur-la-proliferations-des-algues-vertes-depuis-les-annees-1990\/\">Que disent les organisations professionnelles majoritaires sur la prolif\u00e9rations des algues vertes depuis les ann\u00e9es 1990 ?<\/a><div class=\"wp-block-latest-posts__post-excerpt\">Ce stage avait pour objectif l\u2019analyse des discours des organisations professionnelles majoritaires, du syndicalisme majoritaire aux organisations \u00e9conomiques dominantes du d\u00e9partement du Finist\u00e8re, face au probl\u00e8me croissant, entre 1990 et 2020, des pollutions azot\u00e9es et des algues vertes.&nbsp; Paysan Breton, n\u00b0\u00b01840, 9 f\u00e9vrier 1990 Passage de la revue Atout Porc, n\u00b015, d\u00e9cembre 1995 Il s\u2019agissait\u2026 <a class=\"wp-block-latest-posts__read-more\" href=\"http:\/\/greenseas.fr\/index.php\/2025\/09\/29\/que-disent-les-organisations-professionnelles-majoritaires-sur-la-proliferations-des-algues-vertes-depuis-les-annees-1990\/\" rel=\"noopener noreferrer\">Lire la suite<span class=\"screen-reader-text\">\u00a0: Que disent les organisations professionnelles majoritaires sur la prolif\u00e9rations des algues vertes depuis les ann\u00e9es 1990 ?<\/span><\/a><\/div><\/li>\n<li><a class=\"wp-block-latest-posts__post-title\" href=\"http:\/\/greenseas.fr\/index.php\/2025\/04\/04\/seminaire-annuel-du-projet-2-jours-dintenses-echanges\/\">S\u00e9minaire annuel du projet : 2 jours d&rsquo;intenses \u00e9changes !<\/a><div class=\"wp-block-latest-posts__post-excerpt\">Le s\u00e9minaire annuel du projet GreenSeas s&rsquo;est d\u00e9roul\u00e9 du 5 au 7 mars dans les locaux du Parc Naturel R\u00e9gional d&rsquo;Armorique. Merci aux agent.es du parc pour leur accueil ! Ce temps fort marque l&rsquo;entr\u00e9e dans la deuxi\u00e8me moiti\u00e9 du temps du projet. Au cours de la premi\u00e8re demi-journ\u00e9e, nous avons principalement \u00e9chang\u00e9 autour de\u2026 <a class=\"wp-block-latest-posts__read-more\" href=\"http:\/\/greenseas.fr\/index.php\/2025\/04\/04\/seminaire-annuel-du-projet-2-jours-dintenses-echanges\/\" rel=\"noopener noreferrer\">Lire la suite<span class=\"screen-reader-text\">\u00a0: S\u00e9minaire annuel du projet : 2 jours d&rsquo;intenses \u00e9changes !<\/span><\/a><\/div><\/li>\n<li><a class=\"wp-block-latest-posts__post-title\" href=\"http:\/\/greenseas.fr\/index.php\/2025\/04\/04\/atelier-inter-baies-pour-une-histoire-collaborative-des-luttes-contre-les-marees-vertes\/\">Atelier inter-baies pour une histoire collaborative des luttes contre les mar\u00e9es vertes<\/a><div class=\"wp-block-latest-posts__post-excerpt\">Le 20 mars, des repr\u00e9sentants de six associations de protection de l&rsquo;environnement (Eau et Rivi\u00e8res de Bretagne, Groupement Maritime, Bretagne Vivante, Sauvegarde du Tr\u00e9gor, Baie de Douarnenez Environnement, De la Source \u00e0 la Mer) et sept scientifiques de GreenSeas se sont retrouv\u00e9s en simultan\u00e9 \u00e0 Lannion et Douarnenez pour \u00e9changer sur l&rsquo;histoire des luttes contre\u2026 <a class=\"wp-block-latest-posts__read-more\" href=\"http:\/\/greenseas.fr\/index.php\/2025\/04\/04\/atelier-inter-baies-pour-une-histoire-collaborative-des-luttes-contre-les-marees-vertes\/\" rel=\"noopener noreferrer\">Lire la suite<span class=\"screen-reader-text\">\u00a0: Atelier inter-baies pour une histoire collaborative des luttes contre les mar\u00e9es vertes<\/span><\/a><\/div><\/li>\n<li><a class=\"wp-block-latest-posts__post-title\" href=\"http:\/\/greenseas.fr\/index.php\/2025\/03\/03\/nouvel-arrivant-silas-chausse-meynard\/\">Nouvel arrivant : Silas Chausse-Meynard<\/a><div class=\"wp-block-latest-posts__post-excerpt\">Bonjour \u00e0 toutes et tous, je viens apporter ma pierre aux travaux de GreenSeas en tant que stagiaire et pour 6 mois (mars-ao\u00fbt 2025). Ce stage cl\u00f4t mon master 2 Agro\u00e9conomie et Politiques publiques \u00e0 l\u2019Institut Agro Rennes Angers, pr\u00e9c\u00e9d\u00e9 d\u2019un Master 1 \u00e0 Sciences Po Rennes. Je suis charg\u00e9 de r\u00e9aliser une analyse socio-historique\u2026 <a class=\"wp-block-latest-posts__read-more\" href=\"http:\/\/greenseas.fr\/index.php\/2025\/03\/03\/nouvel-arrivant-silas-chausse-meynard\/\" rel=\"noopener noreferrer\">Lire la suite<span class=\"screen-reader-text\">\u00a0: Nouvel arrivant : Silas Chausse-Meynard<\/span><\/a><\/div><\/li>\n<li><a class=\"wp-block-latest-posts__post-title\" href=\"http:\/\/greenseas.fr\/index.php\/2025\/02\/10\/un-concept-la-dette-ecologique-discursive\/\">Un concept : la dette \u00e9cologique discursive<\/a><div class=\"wp-block-latest-posts__post-excerpt\">Les travaux du projet GreenSeas font appel \u00e0 de nombreux concepts. Voici un petit focus sur le concept de dette \u00e9cologique discursive, utilis\u00e9e dans le projet par Jean-Marc Douguet et ses stagaires pour analyse, de mani\u00e8re r\u00e9trospective, l&rsquo;\u00e9volution de la baie de Douarnenez. Le terme de dette \u00e9cologique porte sur la responsabilit\u00e9 de l\u2019humain vis-\u00e0-vis\u2026 <a class=\"wp-block-latest-posts__read-more\" href=\"http:\/\/greenseas.fr\/index.php\/2025\/02\/10\/un-concept-la-dette-ecologique-discursive\/\" rel=\"noopener noreferrer\">Lire la suite<span class=\"screen-reader-text\">\u00a0: Un concept : la dette \u00e9cologique discursive<\/span><\/a><\/div><\/li>\n<li><a class=\"wp-block-latest-posts__post-title\" href=\"http:\/\/greenseas.fr\/index.php\/2025\/02\/10\/programme-des-mini-webinaires\/\">Programme des mini-webinaires<\/a><div class=\"wp-block-latest-posts__post-excerpt\">Voici le programme des mini-webinaires de cette nouvelle saison. Les mini-webinaires sont ouverts au membres du consortium du projet GreenSeas, et \u00e0 certaines organisations partenaires. Jeudi&nbsp;30&nbsp;janvier&nbsp;:&nbsp;Assistons-nous \u00e0 l\u2019\u00e9pilogue des mobilisations des associations environnementales contre les mar\u00e9es vertes&nbsp;? Anim\u00e9 par Antonin KHOSROVANINEJAD Les ann\u00e9es 1990 et 2000 sont marqu\u00e9es par des mobilisations importantes contre les \u00ab&nbsp;mar\u00e9es\u2026 <a class=\"wp-block-latest-posts__read-more\" href=\"http:\/\/greenseas.fr\/index.php\/2025\/02\/10\/programme-des-mini-webinaires\/\" rel=\"noopener noreferrer\">Lire la suite<span class=\"screen-reader-text\">\u00a0: Programme des mini-webinaires<\/span><\/a><\/div><\/li>\n<li><a class=\"wp-block-latest-posts__post-title\" href=\"http:\/\/greenseas.fr\/index.php\/2025\/01\/06\/quelles-dynamiques-des-mobilisations-sociales-contre-les-marees-vertes-dans-les-cotes-darmor\/\">Quelles dynamiques des mobilisations sociales contre les mar\u00e9es vertes dans les C\u00f4tes d&rsquo;Armor ?<\/a><div class=\"wp-block-latest-posts__post-excerpt\">Ce travail vise \u00e0 \u00e9tudier l&rsquo;\u00e9volution des mobilisations sociales contre les \u00ab\u00a0mar\u00e9es vertes\u00a0\u00bb dans le d\u00e9partement des C\u00f4tes d&rsquo;Armor sur la p\u00e9riode 2010-2024, et en particulier \u00e0 expliquer l&rsquo;apparent reflux des mobilisations au cours de la d\u00e9cennie 2010. A partir de dix entretiens semi-directifs men\u00e9s avec des membres d&rsquo;organisations environnementales, cette \u00e9tude montre que le\u2026 <a class=\"wp-block-latest-posts__read-more\" href=\"http:\/\/greenseas.fr\/index.php\/2025\/01\/06\/quelles-dynamiques-des-mobilisations-sociales-contre-les-marees-vertes-dans-les-cotes-darmor\/\" rel=\"noopener noreferrer\">Lire la suite<span class=\"screen-reader-text\">\u00a0: Quelles dynamiques des mobilisations sociales contre les mar\u00e9es vertes dans les C\u00f4tes d&rsquo;Armor ?<\/span><\/a><\/div><\/li>\n<li><a class=\"wp-block-latest-posts__post-title\" href=\"http:\/\/greenseas.fr\/index.php\/2024\/12\/09\/juliette-daquin-presente-son-travail-aux-doctoriales-a-bordeaux\/\">Juliette Daquin pr\u00e9sente son travail aux Doctoriales \u00e0 Bordeaux<\/a><div class=\"wp-block-latest-posts__post-excerpt\">Juliette Daquin, doctorante du projet Greenseas, a eu l&rsquo;occasion de pr\u00e9senter son travail lors des Doctoriales des Sciences Sociales sur l&rsquo;Eau \u00e0 Bordeaux, \u00e9v\u00e9nement regroupant une cinquantaine de doctorant.es toutes disciplines confondues. Lors de la session \u00ab\u00a0Qualit\u00e9 de l&rsquo;eau et sant\u00e9\u00a0\u00bb, dirig\u00e9e par Mme Fr\u00e9d\u00e9rique Blot, elle a pu aborder une partie de son travail\u2026 <a class=\"wp-block-latest-posts__read-more\" href=\"http:\/\/greenseas.fr\/index.php\/2024\/12\/09\/juliette-daquin-presente-son-travail-aux-doctoriales-a-bordeaux\/\" rel=\"noopener noreferrer\">Lire la suite<span class=\"screen-reader-text\">\u00a0: Juliette Daquin pr\u00e9sente son travail aux Doctoriales \u00e0 Bordeaux<\/span><\/a><\/div><\/li>\n<li><a class=\"wp-block-latest-posts__post-title\" href=\"http:\/\/greenseas.fr\/index.php\/2024\/12\/02\/offre-de-stage-la-profession-agricole-face-au-probleme-public-des-pollutions-azotees-et-des-algues-vertes-analyse-socio-historique-de-lexpression-professionnelle-des-representants-du-sec\/\">Offre de stage ! \u00ab\u00a0Analyse socio-historique de l\u2019expression professionnelle des repr\u00e9sentants du secteur agricole dans le d\u00e9partement du Finist\u00e8re.\u00a0\u00bb<\/a><div class=\"wp-block-latest-posts__post-excerpt\">Nous recrutons un.e stagiaire M2 sur une analyse socio-historique de l\u2019expression professionnelle des repr\u00e9sentants du secteur agricole dans le d\u00e9partement du Finist\u00e8re, \u00e0 l&rsquo;UMR AMURE (Brest) \u00e0 partir de mars 2025. Missions Date limite des candidatures : 20 d\u00e9cembre 2025<\/div><\/li>\n<\/ul><\/div><\/div>\n","protected":false},"excerpt":{"rendered":"<p>Retracer l&rsquo;institutionnalisation de la gouvernance de l&rsquo;eutrophisation et ses instruments, \u00e0 diff\u00e9rents niveaux d&rsquo;organisation Ce volet s&rsquo;int\u00e9resse aux transformations, sur le temps long, de la gouvernance de l&rsquo;eutrophisation comprenant les instruments de politique publique, les arrangements institutionnels et les coalitions d&rsquo;acteurs. Il permettra de mieux comprendre comment ce syst\u00e8me s&rsquo;est construit et de connaitre ses [&hellip;]<\/p>\n","protected":false},"author":28,"featured_media":0,"parent":17,"menu_order":0,"comment_status":"closed","ping_status":"closed","template":"page-templates\/full-width.php","meta":{"_acf_changed":false,"footnotes":""},"class_list":["post-456","page","type-page","status-publish","hentry"],"acf":[],"_links":{"self":[{"href":"http:\/\/greenseas.fr\/index.php\/wp-json\/wp\/v2\/pages\/456","targetHints":{"allow":["GET"]}}],"collection":[{"href":"http:\/\/greenseas.fr\/index.php\/wp-json\/wp\/v2\/pages"}],"about":[{"href":"http:\/\/greenseas.fr\/index.php\/wp-json\/wp\/v2\/types\/page"}],"author":[{"embeddable":true,"href":"http:\/\/greenseas.fr\/index.php\/wp-json\/wp\/v2\/users\/28"}],"replies":[{"embeddable":true,"href":"http:\/\/greenseas.fr\/index.php\/wp-json\/wp\/v2\/comments?post=456"}],"version-history":[{"count":7,"href":"http:\/\/greenseas.fr\/index.php\/wp-json\/wp\/v2\/pages\/456\/revisions"}],"predecessor-version":[{"id":704,"href":"http:\/\/greenseas.fr\/index.php\/wp-json\/wp\/v2\/pages\/456\/revisions\/704"}],"up":[{"embeddable":true,"href":"http:\/\/greenseas.fr\/index.php\/wp-json\/wp\/v2\/pages\/17"}],"wp:attachment":[{"href":"http:\/\/greenseas.fr\/index.php\/wp-json\/wp\/v2\/media?parent=456"}],"curies":[{"name":"wp","href":"https:\/\/api.w.org\/{rel}","templated":true}]}}