{"id":466,"date":"2024-11-13T12:47:01","date_gmt":"2024-11-13T11:47:01","guid":{"rendered":"http:\/\/greenseas.fr\/?page_id=466"},"modified":"2024-12-04T09:33:11","modified_gmt":"2024-12-04T08:33:11","slug":"le-volet-4-wp4","status":"publish","type":"page","link":"http:\/\/greenseas.fr\/index.php\/le-projet\/axes-de-recherches\/le-volet-4-wp4\/","title":{"rendered":"Le volet 4 (WP4)"},"content":{"rendered":"\n<p class=\"has-text-align-center has-white-color has-text-color has-background has-link-color wp-elements-007162f191ad87d6a275b4b6e6970cc8\" style=\"background-color:#144c79;font-size:20px\">Identifier les<strong> propri\u00e9t\u00e9s \u00e9mergentes du socio-\u00e9cosyst\u00e8me et p\u00e9riodiser son fonctionnement<\/strong><\/p>\n\n\n\n<p class=\"has-black-color has-text-color has-link-color wp-elements-3e1455305c63e0c4d4c13879c00ca569\" style=\"font-size:15px\">Ce quatri\u00e8me volet offre un regard transversal aux trois premiers, en s&rsquo;int\u00e9ressant \u00e0 la r\u00e9silience du socio \u00e9cosyst\u00e8me \u00e9tudi\u00e9. <\/p>\n\n\n\n<p class=\"has-black-color has-text-color has-link-color wp-elements-d5831423f8d6eecc8a33d6de3ca8ec9f\" style=\"font-size:15px\">Pour cela, il se d\u00e9cline sous quatre axes :<\/p>\n\n\n\n<ul class=\"wp-block-list\">\n<li class=\"has-black-color has-text-color has-link-color wp-elements-a32a39a13582c4afa238a4e7b0934a3f\" style=\"font-size:15px\">Analyse de la pertinence des cadres conceptuels d\u00e9velopp\u00e9s dans la litt\u00e9rature scientifique sur les socio \u00e9cosyst\u00e8mes  au ph\u00e9nom\u00e8ne de l&rsquo;eutrophisation<\/li>\n\n\n\n<li class=\"has-black-color has-text-color has-link-color wp-elements-d7e673c430bdaca99e603eb541b2c4e5\" style=\"font-size:15px\">Conception d&rsquo;une frise chronologique de l&rsquo;histoire sociale et institutionnelle des socio \u00e9cosyst\u00e8mes, en particulier de celui de la baie de Douarnenez<\/li>\n\n\n\n<li class=\"has-black-color has-text-color has-link-color wp-elements-d392fbdee8f30d4b68cdc87f2dd14ec6\" style=\"font-size:15px\">Evaluation des services \u00e9cosyst\u00e9miques dans la baie de Douarnenez, face \u00e0 l&rsquo;eutrophisation<\/li>\n\n\n\n<li class=\"has-black-color has-text-color has-link-color wp-elements-3a77834f72998024a4f3e26a2c7ca702\" style=\"font-size:15px\">Analyse r\u00e9flexive des boucles de r\u00e9troaction et des strat\u00e9gies d&rsquo;adaptation<\/li>\n<\/ul>\n\n\n\n<div class=\"wp-block-group\"><div class=\"wp-block-group__inner-container is-layout-constrained wp-block-group-is-layout-constrained\">\n<p class=\"has-text-color has-link-color has-medium-font-size wp-elements-095ca1ba437abc667d186acb9e0e763d\" style=\"color:#144c79\"><strong>Actualit\u00e9s en lien avec ce volet de recherche : <\/strong><\/p>\n\n\n<ul style=\"font-size:15px;\" class=\"wp-block-latest-posts__list wp-block-latest-posts\"><li><a class=\"wp-block-latest-posts__post-title\" href=\"http:\/\/greenseas.fr\/index.php\/2025\/10\/20\/rendez-vous-greenseas-3-dutch-nutrients-and-nitrate-policy-between-european-policy-and-politics\/\">Rendez-vous GreenSeas #3 &#8211; Dutch nutrients and nitrate policy between (European) policy and politics<\/a><div class=\"wp-block-latest-posts__post-excerpt\">L\u2019\u00e9quipe du projet recherche ANR&nbsp;GreenSeas&nbsp;a&nbsp;le plaisir de&nbsp;vous inviter \u00e0 la troisi\u00e8me session des&nbsp;Rendez-vous GreenSeas. Cette s\u00e9rie de webinaires est l\u2019occasion d\u2019inviter des sp\u00e9cialistes \u00e0 venir pr\u00e9senter leurs travaux en lien avec des th\u00e9matiques de recherche centrales pour les \u00e9quipes du projet. Pour ce troisi\u00e8me webinaire, qui se d\u00e9roulera&nbsp;en ligne le jeudi 22 janvier 12h00 \u00e0\u2026 <a class=\"wp-block-latest-posts__read-more\" href=\"http:\/\/greenseas.fr\/index.php\/2025\/10\/20\/rendez-vous-greenseas-3-dutch-nutrients-and-nitrate-policy-between-european-policy-and-politics\/\" rel=\"noopener noreferrer\">Lire la suite<span class=\"screen-reader-text\">\u00a0: Rendez-vous GreenSeas #3 &#8211; Dutch nutrients and nitrate policy between (European) policy and politics<\/span><\/a><\/div><\/li>\n<li><a class=\"wp-block-latest-posts__post-title\" href=\"http:\/\/greenseas.fr\/index.php\/2025\/10\/15\/videos-interventions-experts-workshop-greenseas-cadres-conceptuels\/\">[VID\u00c9OS] Rendez-vous GreenSeas #1 &#8211; Interventions experts &#8211; Cadres conceptuels<\/a><div class=\"wp-block-latest-posts__post-excerpt\">English version below. Dans le cadre du workshop GreenSeas qui s\u2019int\u00e9ressait \u00e0 l\u2019op\u00e9rationnalisation des cadres conceptuels d\u00e9di\u00e9s aux Socio-EcoSyt\u00e8mes (SES), nous avons eu le plaisir d&rsquo;\u00e9couter trois pr\u00e9sentations d&rsquo;experts internationaux portant sur leurs travaux en lien avec les sciences de la durabilit\u00e9 et les SES. Cette session de pr\u00e9sentation a \u00e9t\u00e9 l&rsquo;occasion d&rsquo;\u00e9changes dynamiques entre\u2026 <a class=\"wp-block-latest-posts__read-more\" href=\"http:\/\/greenseas.fr\/index.php\/2025\/10\/15\/videos-interventions-experts-workshop-greenseas-cadres-conceptuels\/\" rel=\"noopener noreferrer\">Lire la suite<span class=\"screen-reader-text\">\u00a0: [VID\u00c9OS] Rendez-vous GreenSeas #1 &#8211; Interventions experts &#8211; Cadres conceptuels<\/span><\/a><\/div><\/li>\n<li><a class=\"wp-block-latest-posts__post-title\" href=\"http:\/\/greenseas.fr\/index.php\/2025\/09\/08\/webinaire-externe-greenseas-1-cadre-conceptuels-et-recherche-en-ses\/\">Rendez-vous GreenSeas #1 &#8211; Cadre conceptuels et recherche en SES<\/a><div class=\"wp-block-latest-posts__post-excerpt\">L\u2019\u00e9quipe du projet recherche ANR GreenSeas a\u00a0le plaisir de vous inviter \u00e0 la premi\u00e8re session des Rendez-vous GreenSeas. Cette s\u00e9rie de webinaires est l\u2019occasion d\u2019inviter des sp\u00e9cialistes du monde entier \u00e0 venir pr\u00e9senter leurs travaux en lien avec des th\u00e9matiques de recherche centrales pour les \u00e9quipes du projet. Pour ce premier webinaire, qui se d\u00e9roulera\u2026 <a class=\"wp-block-latest-posts__read-more\" href=\"http:\/\/greenseas.fr\/index.php\/2025\/09\/08\/webinaire-externe-greenseas-1-cadre-conceptuels-et-recherche-en-ses\/\" rel=\"noopener noreferrer\">Lire la suite<span class=\"screen-reader-text\">\u00a0: Rendez-vous GreenSeas #1 &#8211; Cadre conceptuels et recherche en SES<\/span><\/a><\/div><\/li>\n<li><a class=\"wp-block-latest-posts__post-title\" href=\"http:\/\/greenseas.fr\/index.php\/2025\/04\/04\/seminaire-annuel-du-projet-2-jours-dintenses-echanges\/\">S\u00e9minaire annuel du projet : 2 jours d&rsquo;intenses \u00e9changes !<\/a><div class=\"wp-block-latest-posts__post-excerpt\">Le s\u00e9minaire annuel du projet GreenSeas s&rsquo;est d\u00e9roul\u00e9 du 5 au 7 mars dans les locaux du Parc Naturel R\u00e9gional d&rsquo;Armorique. Merci aux agent.es du parc pour leur accueil ! Ce temps fort marque l&rsquo;entr\u00e9e dans la deuxi\u00e8me moiti\u00e9 du temps du projet. Au cours de la premi\u00e8re demi-journ\u00e9e, nous avons principalement \u00e9chang\u00e9 autour de\u2026 <a class=\"wp-block-latest-posts__read-more\" href=\"http:\/\/greenseas.fr\/index.php\/2025\/04\/04\/seminaire-annuel-du-projet-2-jours-dintenses-echanges\/\" rel=\"noopener noreferrer\">Lire la suite<span class=\"screen-reader-text\">\u00a0: S\u00e9minaire annuel du projet : 2 jours d&rsquo;intenses \u00e9changes !<\/span><\/a><\/div><\/li>\n<li><a class=\"wp-block-latest-posts__post-title\" href=\"http:\/\/greenseas.fr\/index.php\/2025\/02\/10\/programme-des-mini-webinaires\/\">Programme des mini-webinaires<\/a><div class=\"wp-block-latest-posts__post-excerpt\">Voici le programme des mini-webinaires de cette nouvelle saison. Les mini-webinaires sont ouverts au membres du consortium du projet GreenSeas, et \u00e0 certaines organisations partenaires. Jeudi&nbsp;30&nbsp;janvier&nbsp;:&nbsp;Assistons-nous \u00e0 l\u2019\u00e9pilogue des mobilisations des associations environnementales contre les mar\u00e9es vertes&nbsp;? Anim\u00e9 par Antonin KHOSROVANINEJAD Les ann\u00e9es 1990 et 2000 sont marqu\u00e9es par des mobilisations importantes contre les \u00ab&nbsp;mar\u00e9es\u2026 <a class=\"wp-block-latest-posts__read-more\" href=\"http:\/\/greenseas.fr\/index.php\/2025\/02\/10\/programme-des-mini-webinaires\/\" rel=\"noopener noreferrer\">Lire la suite<span class=\"screen-reader-text\">\u00a0: Programme des mini-webinaires<\/span><\/a><\/div><\/li>\n<li><a class=\"wp-block-latest-posts__post-title\" href=\"http:\/\/greenseas.fr\/index.php\/2025\/01\/06\/nouvel-arrivant-jean-francois-dewals\/\">Nouvel arrivant : Jean-Fran\u00e7ois Dewals<\/a><div class=\"wp-block-latest-posts__post-excerpt\">Bonjour tout le monde, Me voil\u00e0 tr\u00e8s heureux de rejoindre les \u00e9quipes de GreenSeas pour une toute nouvelle aventure. &nbsp;Je m\u2019appelle Jean-Fran\u00e7ois Dewals, docteur en sciences \u00e9conomiques de formation. Durant ma th\u00e8se, je me suis int\u00e9ress\u00e9 \u00e0 la place des produits de la mer pour une transition durable de nos syst\u00e8mes alimentaires, avec une attention\u2026 <a class=\"wp-block-latest-posts__read-more\" href=\"http:\/\/greenseas.fr\/index.php\/2025\/01\/06\/nouvel-arrivant-jean-francois-dewals\/\" rel=\"noopener noreferrer\">Lire la suite<span class=\"screen-reader-text\">\u00a0: Nouvel arrivant : Jean-Fran\u00e7ois Dewals<\/span><\/a><\/div><\/li>\n<\/ul><\/div><\/div>\n","protected":false},"excerpt":{"rendered":"<p>Identifier les propri\u00e9t\u00e9s \u00e9mergentes du socio-\u00e9cosyst\u00e8me et p\u00e9riodiser son fonctionnement Ce quatri\u00e8me volet offre un regard transversal aux trois premiers, en s&rsquo;int\u00e9ressant \u00e0 la r\u00e9silience du socio \u00e9cosyst\u00e8me \u00e9tudi\u00e9. Pour cela, il se d\u00e9cline sous quatre axes : Actualit\u00e9s en lien avec ce volet de recherche :<\/p>\n","protected":false},"author":28,"featured_media":0,"parent":17,"menu_order":0,"comment_status":"closed","ping_status":"closed","template":"page-templates\/full-width.php","meta":{"_acf_changed":false,"footnotes":""},"class_list":["post-466","page","type-page","status-publish","hentry"],"acf":[],"_links":{"self":[{"href":"http:\/\/greenseas.fr\/index.php\/wp-json\/wp\/v2\/pages\/466","targetHints":{"allow":["GET"]}}],"collection":[{"href":"http:\/\/greenseas.fr\/index.php\/wp-json\/wp\/v2\/pages"}],"about":[{"href":"http:\/\/greenseas.fr\/index.php\/wp-json\/wp\/v2\/types\/page"}],"author":[{"embeddable":true,"href":"http:\/\/greenseas.fr\/index.php\/wp-json\/wp\/v2\/users\/28"}],"replies":[{"embeddable":true,"href":"http:\/\/greenseas.fr\/index.php\/wp-json\/wp\/v2\/comments?post=466"}],"version-history":[{"count":5,"href":"http:\/\/greenseas.fr\/index.php\/wp-json\/wp\/v2\/pages\/466\/revisions"}],"predecessor-version":[{"id":702,"href":"http:\/\/greenseas.fr\/index.php\/wp-json\/wp\/v2\/pages\/466\/revisions\/702"}],"up":[{"embeddable":true,"href":"http:\/\/greenseas.fr\/index.php\/wp-json\/wp\/v2\/pages\/17"}],"wp:attachment":[{"href":"http:\/\/greenseas.fr\/index.php\/wp-json\/wp\/v2\/media?parent=466"}],"curies":[{"name":"wp","href":"https:\/\/api.w.org\/{rel}","templated":true}]}}