{"id":528,"date":"2024-11-15T16:33:59","date_gmt":"2024-11-15T15:33:59","guid":{"rendered":"http:\/\/greenseas.fr\/?page_id=528"},"modified":"2024-11-20T15:43:00","modified_gmt":"2024-11-20T14:43:00","slug":"les-cartes","status":"publish","type":"page","link":"http:\/\/greenseas.fr\/index.php\/les-productions\/les-cartes\/","title":{"rendered":"Les cartes"},"content":{"rendered":"\n<p class=\"has-black-color has-text-color has-link-color wp-elements-230623c81ff62ec32109cc293ec7abed\" style=\"font-size:15px\">Le projet Greenseas met \u00e0 disposition un portail cartographique, accessible \u00e0 toutes et tous.<\/p>\n\n\n\n<p class=\"has-black-color has-text-color has-link-color wp-elements-a1b2166380efde954a07c3035c91adc8\" style=\"font-size:15px\">Ce portail cartographique permet de visualiser des donn\u00e9es produites dans le cadre du projet, tel que les dates de premiers signalements d&rsquo;algues vertes, avec des donn\u00e9es renseignant l&rsquo;hydrologie, les activit\u00e9s agricoles, la d\u00e9mographie, l&rsquo;\u00e9conomie et l&#8217;emploi ainsi que les am\u00e9nagements du territoire.<\/p>\n\n\n\n<p class=\"has-black-color has-text-color has-link-color wp-elements-2ec48e25c1e76268758e65ff3cf52fb3\" style=\"font-size:15px\">Les diff\u00e9rentes \u00ab\u00a0couches\u00a0\u00bb peuvent se superposer. En cliquant sur un territoire dans la couche \u00ab\u00a0premier signalement d&rsquo;algues vertes\u00a0\u00bb, des informations compl\u00e9mentaires apparaissent.<\/p>\n\n\n\n<p class=\"has-black-color has-text-color has-link-color wp-elements-095b0b9f2b563131d438a52b428fb572\" style=\"font-size:15px\">D&rsquo;autres donn\u00e9es seront rajout\u00e9es au fur et \u00e0 mesure de l&rsquo;avancement du projet.<\/p>\n\n\n\n<div class=\"wp-block-buttons is-content-justification-center is-layout-flex wp-container-core-buttons-is-layout-16018d1d wp-block-buttons-is-layout-flex\">\n<div class=\"wp-block-button\"><a class=\"wp-block-button__link has-white-color has-text-color has-link-color wp-element-button\" href=\"https:\/\/geosas.fr\/greenseas\/#\">Acc\u00e9der au portail<\/a><\/div>\n<\/div>\n\n\n\n<p><\/p>\n","protected":false},"excerpt":{"rendered":"<p>Le projet Greenseas met \u00e0 disposition un portail cartographique, accessible \u00e0 toutes et tous. Ce portail cartographique permet de visualiser des donn\u00e9es produites dans le cadre du projet, tel que les dates de premiers signalements d&rsquo;algues vertes, avec des donn\u00e9es renseignant l&rsquo;hydrologie, les activit\u00e9s agricoles, la d\u00e9mographie, l&rsquo;\u00e9conomie et l&#8217;emploi ainsi que les am\u00e9nagements du [&hellip;]<\/p>\n","protected":false},"author":28,"featured_media":570,"parent":257,"menu_order":0,"comment_status":"closed","ping_status":"closed","template":"page-templates\/full-width.php","meta":{"_acf_changed":false,"footnotes":""},"class_list":["post-528","page","type-page","status-publish","has-post-thumbnail","hentry"],"acf":[],"_links":{"self":[{"href":"http:\/\/greenseas.fr\/index.php\/wp-json\/wp\/v2\/pages\/528","targetHints":{"allow":["GET"]}}],"collection":[{"href":"http:\/\/greenseas.fr\/index.php\/wp-json\/wp\/v2\/pages"}],"about":[{"href":"http:\/\/greenseas.fr\/index.php\/wp-json\/wp\/v2\/types\/page"}],"author":[{"embeddable":true,"href":"http:\/\/greenseas.fr\/index.php\/wp-json\/wp\/v2\/users\/28"}],"replies":[{"embeddable":true,"href":"http:\/\/greenseas.fr\/index.php\/wp-json\/wp\/v2\/comments?post=528"}],"version-history":[{"count":3,"href":"http:\/\/greenseas.fr\/index.php\/wp-json\/wp\/v2\/pages\/528\/revisions"}],"predecessor-version":[{"id":573,"href":"http:\/\/greenseas.fr\/index.php\/wp-json\/wp\/v2\/pages\/528\/revisions\/573"}],"up":[{"embeddable":true,"href":"http:\/\/greenseas.fr\/index.php\/wp-json\/wp\/v2\/pages\/257"}],"wp:featuredmedia":[{"embeddable":true,"href":"http:\/\/greenseas.fr\/index.php\/wp-json\/wp\/v2\/media\/570"}],"wp:attachment":[{"href":"http:\/\/greenseas.fr\/index.php\/wp-json\/wp\/v2\/media?parent=528"}],"curies":[{"name":"wp","href":"https:\/\/api.w.org\/{rel}","templated":true}]}}