{"id":64,"date":"2022-12-19T17:59:02","date_gmt":"2022-12-19T16:59:02","guid":{"rendered":"http:\/\/greenseas.fr\/?page_id=64"},"modified":"2024-12-04T10:09:58","modified_gmt":"2024-12-04T09:09:58","slug":"la-baie-de-douarnenez","status":"publish","type":"page","link":"http:\/\/greenseas.fr\/index.php\/les-terrains\/la-baie-de-douarnenez\/","title":{"rendered":"La Baie de Douarnenez"},"content":{"rendered":"\n<p class=\"has-black-color has-text-color has-link-color wp-elements-4e463495465602f118a755552d4f95bb\" style=\"font-size:15px\">La baie de Douarnenez est le terrain principal des travaux men\u00e9s dans le cadre du projet Greenseas.<\/p>\n\n\n\n<figure class=\"wp-block-image size-large\"><img loading=\"lazy\" decoding=\"async\" width=\"1024\" height=\"393\" src=\"http:\/\/greenseas.fr\/wp-content\/uploads\/2023\/01\/banner3-1024x393.jpg\" alt=\"\" class=\"wp-image-297\" srcset=\"http:\/\/greenseas.fr\/wp-content\/uploads\/2023\/01\/banner3-1024x393.jpg 1024w, http:\/\/greenseas.fr\/wp-content\/uploads\/2023\/01\/banner3-300x115.jpg 300w, http:\/\/greenseas.fr\/wp-content\/uploads\/2023\/01\/banner3-768x294.jpg 768w, http:\/\/greenseas.fr\/wp-content\/uploads\/2023\/01\/banner3-1536x589.jpg 1536w, http:\/\/greenseas.fr\/wp-content\/uploads\/2023\/01\/banner3-2048x785.jpg 2048w\" sizes=\"auto, (max-width: 1024px) 100vw, 1024px\" \/><\/figure>\n\n\n\n<p><\/p>\n\n\n\n<div class=\"wp-block-media-text is-stacked-on-mobile\" style=\"grid-template-columns:32% auto\"><figure class=\"wp-block-media-text__media\"><img loading=\"lazy\" decoding=\"async\" width=\"622\" height=\"505\" src=\"http:\/\/greenseas.fr\/wp-content\/uploads\/2024\/11\/Baie-de-Douarnenez.png\" alt=\"\" class=\"wp-image-619 size-full\" srcset=\"http:\/\/greenseas.fr\/wp-content\/uploads\/2024\/11\/Baie-de-Douarnenez.png 622w, http:\/\/greenseas.fr\/wp-content\/uploads\/2024\/11\/Baie-de-Douarnenez-300x244.png 300w\" sizes=\"auto, (max-width: 622px) 100vw, 622px\" \/><\/figure><div class=\"wp-block-media-text__content\">\n<p class=\"has-black-color has-text-color has-link-color wp-elements-60f7d8a78f8101137ad9648ecaccf9ac\" style=\"font-size:15px\">Situ\u00e9e \u00e0 la pointe du Finist\u00e8re, la baie de Douarnenez s&rsquo;\u00e9tend de la Presqu&rsquo;ile de Crozon \u00e0 la pointe du Van. Elle est bord\u00e9e par la Mer d&rsquo;Iroise. <\/p>\n<\/div><\/div>\n\n\n\n<p class=\"has-text-align-left\">\u00a9 EPAB, <a href=\"https:\/\/www.sagebaiededouarnenez.org\/site\/lepab\/\">https:\/\/www.sagebaiededouarnenez.org\/site\/lepab\/<\/a> <\/p>\n\n\n\n<div class=\"wp-block-group\"><div class=\"wp-block-group__inner-container is-layout-constrained wp-block-group-is-layout-constrained\">\n<p class=\"has-text-color has-link-color has-medium-font-size wp-elements-89eb2283484a1ee06aa8f804c125f452\" style=\"color:#144c79\"><strong>Actualit\u00e9s en lien avec ce terrain : <\/strong><\/p>\n\n\n<ul style=\"font-size:15px;\" class=\"wp-block-latest-posts__list wp-block-latest-posts\"><li><a class=\"wp-block-latest-posts__post-title\" href=\"http:\/\/greenseas.fr\/index.php\/2025\/11\/05\/nouvelle-arrivante-delphine-durand-sall\/\">Nouvelle arrivante : Delphine Durand-Sall<\/a><div class=\"wp-block-latest-posts__post-excerpt\">Bonjour \u00e0 toutes et tous, Je suis docteure en anthropologie\u00a0: je viens de soutenir une th\u00e8se sur l\u2019Habiter dans un quartier de p\u00eacheurs au S\u00e9n\u00e9gal. Je rejoins le projet Greenseas pour une mission de recherche (de quatre mois) portant sur les pratiques agricoles dans la baie de Douarnenez autour des ann\u00e9es 80. Plus pr\u00e9cis\u00e9ment, mon\u2026 <a class=\"wp-block-latest-posts__read-more\" href=\"http:\/\/greenseas.fr\/index.php\/2025\/11\/05\/nouvelle-arrivante-delphine-durand-sall\/\" rel=\"noopener noreferrer\">Lire la suite<span class=\"screen-reader-text\">\u00a0: Nouvelle arrivante : Delphine Durand-Sall<\/span><\/a><\/div><\/li>\n<li><a class=\"wp-block-latest-posts__post-title\" href=\"http:\/\/greenseas.fr\/index.php\/2025\/07\/28\/que-percoivent-les-pratiquants-dactivites-sportives-ou-recreatives-littorales-de-leutrophisation\/\">Que per\u00e7oivent les pratiquants d\u2019activit\u00e9s sportives ou r\u00e9cr\u00e9atives littorales de l\u2019eutrophisation\u00a0?<\/a><div class=\"wp-block-latest-posts__post-excerpt\">Afin de r\u00e9pondre \u00e0 l\u2019enqu\u00eate qualitative \u00ab Questionner les pratiques et les r\u00e9cits des usagers du littoral s\u2019adonnant \u00e0 une activit\u00e9 physique, sportive ou r\u00e9cr\u00e9ative dans des espaces atteints par l\u2019eutrophisation \u00bb, 36 observations de terrain ont eu lieu sur les sites de la Lieue de Gr\u00e8ve, de Guiss\u00e9ny, de Brest, de Douarnenez et de\u2026 <a class=\"wp-block-latest-posts__read-more\" href=\"http:\/\/greenseas.fr\/index.php\/2025\/07\/28\/que-percoivent-les-pratiquants-dactivites-sportives-ou-recreatives-littorales-de-leutrophisation\/\" rel=\"noopener noreferrer\">Lire la suite<span class=\"screen-reader-text\">\u00a0: Que per\u00e7oivent les pratiquants d\u2019activit\u00e9s sportives ou r\u00e9cr\u00e9atives littorales de l\u2019eutrophisation\u00a0?<\/span><\/a><\/div><\/li>\n<li><a class=\"wp-block-latest-posts__post-title\" href=\"http:\/\/greenseas.fr\/index.php\/2025\/07\/03\/fin-de-terrain-lagriculture-et-nous-a-trouve-ses-repondantes\/\">Fin de terrain ! \u00ab\u00a0l&rsquo;Agriculture et nous\u00a0\u00bb a trouv\u00e9 ses r\u00e9pondant.es<\/a><div class=\"wp-block-latest-posts__post-excerpt\">L&rsquo;enqu\u00eate \u00ab\u00a0l&rsquo;Agriculture et nous\u00a0\u00bb est une enqu\u00eate par questionnaire men\u00e9e aupr\u00e8s des habitant\u00b7es de la Baie de Douarnenez et du SAGE Blavet sur les relations entre habitants et agriculture. L\u2019enqu\u00eate \u00ab\u00a0l\u2019Agriculture et nous\u00a0\u00bb vise \u00e0 mieux comprendre quelles sont les relations des habitants de ces deux territoires avec l\u2019activit\u00e9 agricole et ses professionnels, et dans\u2026 <a class=\"wp-block-latest-posts__read-more\" href=\"http:\/\/greenseas.fr\/index.php\/2025\/07\/03\/fin-de-terrain-lagriculture-et-nous-a-trouve-ses-repondantes\/\" rel=\"noopener noreferrer\">Lire la suite<span class=\"screen-reader-text\">\u00a0: Fin de terrain ! \u00ab\u00a0l&rsquo;Agriculture et nous\u00a0\u00bb a trouv\u00e9 ses r\u00e9pondant.es<\/span><\/a><\/div><\/li>\n<li><a class=\"wp-block-latest-posts__post-title\" href=\"http:\/\/greenseas.fr\/index.php\/2025\/04\/24\/nouvelle-arrivante-juliette-doux\/\">Nouvelle arrivante : Juliette Doux<\/a><div class=\"wp-block-latest-posts__post-excerpt\">\u00c9tudiante en Master Expertise et Gestion de l\u2019Environnement Littoral (EGEL, UBO-IUEM) je suis tr\u00e8s heureuse de rejoindre l\u2019\u00e9quipe GreenSeas pour mon stage de M1 ! Ce stage s\u2019inscrit dans le cadre de l\u2019enqu\u00eate \u00ab l\u2019Agriculture &amp; nous \u00bb, men\u00e9e par Odeline Billant, Alix Levain et Val\u00e9rie Viaud. L\u2019enqu\u00eate sera d\u00e9ploy\u00e9e ce printemps sur les bassins\u2026 <a class=\"wp-block-latest-posts__read-more\" href=\"http:\/\/greenseas.fr\/index.php\/2025\/04\/24\/nouvelle-arrivante-juliette-doux\/\" rel=\"noopener noreferrer\">Lire la suite<span class=\"screen-reader-text\">\u00a0: Nouvelle arrivante : Juliette Doux<\/span><\/a><\/div><\/li>\n<li><a class=\"wp-block-latest-posts__post-title\" href=\"http:\/\/greenseas.fr\/index.php\/2025\/04\/23\/nouvelle-arrivante-angelique-meral\/\">Nouvelle arrivante : Ang\u00e9lique M\u00e9ral<\/a><div class=\"wp-block-latest-posts__post-excerpt\">Bonjour \u00e0 tous et \u00e0 toutes&nbsp;! Je suis ravie de rejoindre l\u2019\u00e9quipe de GreenSeas pour ces 5 prochains mois\u00a0! Dans le cadre de ma deuxi\u00e8me ann\u00e9e de Master EGEL (Expertise et Gestion de l\u2019Environnement Littoral) \u00e0 l\u2019IUEM (UBO, Brest), je r\u00e9alise mon stage de fin d\u2019\u00e9tude de 5 mois \u00e0 la station INRAE de Quimper,\u2026 <a class=\"wp-block-latest-posts__read-more\" href=\"http:\/\/greenseas.fr\/index.php\/2025\/04\/23\/nouvelle-arrivante-angelique-meral\/\" rel=\"noopener noreferrer\">Lire la suite<span class=\"screen-reader-text\">\u00a0: Nouvelle arrivante : Ang\u00e9lique M\u00e9ral<\/span><\/a><\/div><\/li>\n<li><a class=\"wp-block-latest-posts__post-title\" href=\"http:\/\/greenseas.fr\/index.php\/2025\/04\/04\/seminaire-annuel-du-projet-2-jours-dintenses-echanges\/\">S\u00e9minaire annuel du projet : 2 jours d&rsquo;intenses \u00e9changes !<\/a><div class=\"wp-block-latest-posts__post-excerpt\">Le s\u00e9minaire annuel du projet GreenSeas s&rsquo;est d\u00e9roul\u00e9 du 5 au 7 mars dans les locaux du Parc Naturel R\u00e9gional d&rsquo;Armorique. Merci aux agent.es du parc pour leur accueil ! Ce temps fort marque l&rsquo;entr\u00e9e dans la deuxi\u00e8me moiti\u00e9 du temps du projet. Au cours de la premi\u00e8re demi-journ\u00e9e, nous avons principalement \u00e9chang\u00e9 autour de\u2026 <a class=\"wp-block-latest-posts__read-more\" href=\"http:\/\/greenseas.fr\/index.php\/2025\/04\/04\/seminaire-annuel-du-projet-2-jours-dintenses-echanges\/\" rel=\"noopener noreferrer\">Lire la suite<span class=\"screen-reader-text\">\u00a0: S\u00e9minaire annuel du projet : 2 jours d&rsquo;intenses \u00e9changes !<\/span><\/a><\/div><\/li>\n<li><a class=\"wp-block-latest-posts__post-title\" href=\"http:\/\/greenseas.fr\/index.php\/2025\/04\/04\/atelier-inter-baies-pour-une-histoire-collaborative-des-luttes-contre-les-marees-vertes\/\">Atelier inter-baies pour une histoire collaborative des luttes contre les mar\u00e9es vertes<\/a><div class=\"wp-block-latest-posts__post-excerpt\">Le 20 mars, des repr\u00e9sentants de six associations de protection de l&rsquo;environnement (Eau et Rivi\u00e8res de Bretagne, Groupement Maritime, Bretagne Vivante, Sauvegarde du Tr\u00e9gor, Baie de Douarnenez Environnement, De la Source \u00e0 la Mer) et sept scientifiques de GreenSeas se sont retrouv\u00e9s en simultan\u00e9 \u00e0 Lannion et Douarnenez pour \u00e9changer sur l&rsquo;histoire des luttes contre\u2026 <a class=\"wp-block-latest-posts__read-more\" href=\"http:\/\/greenseas.fr\/index.php\/2025\/04\/04\/atelier-inter-baies-pour-une-histoire-collaborative-des-luttes-contre-les-marees-vertes\/\" rel=\"noopener noreferrer\">Lire la suite<span class=\"screen-reader-text\">\u00a0: Atelier inter-baies pour une histoire collaborative des luttes contre les mar\u00e9es vertes<\/span><\/a><\/div><\/li>\n<li><a class=\"wp-block-latest-posts__post-title\" href=\"http:\/\/greenseas.fr\/index.php\/2025\/04\/04\/nouvel-arrivant-en-stage-manu-fonleno\/\">Nouvel arrivant : Manu Fonl\u00e9no<\/a><div class=\"wp-block-latest-posts__post-excerpt\">Mon stage s&rsquo;inscrit dans le volet 1 intitul\u00e9 \u00ab Saisir et historiciser la diversit\u00e9 des exp\u00e9riences de l\u2019eutrophisation \u00bb. Il s\u2019agit de questionner les pratiques et les r\u00e9cits des usagers du littoral s\u2019adonnant \u00e0 des activit\u00e9s physiques, sportives et r\u00e9cr\u00e9atives dans des espaces affect\u00e9s par les ph\u00e9nom\u00e8nes d\u2019eutrophisation. Avec l\u2019aide de mon encadrant, Camille Gontier,\u2026 <a class=\"wp-block-latest-posts__read-more\" href=\"http:\/\/greenseas.fr\/index.php\/2025\/04\/04\/nouvel-arrivant-en-stage-manu-fonleno\/\" rel=\"noopener noreferrer\">Lire la suite<span class=\"screen-reader-text\">\u00a0: Nouvel arrivant : Manu Fonl\u00e9no<\/span><\/a><\/div><\/li>\n<li><a class=\"wp-block-latest-posts__post-title\" href=\"http:\/\/greenseas.fr\/index.php\/2025\/03\/03\/nouvel-arrivant-silas-chausse-meynard\/\">Nouvel arrivant : Silas Chausse-Meynard<\/a><div class=\"wp-block-latest-posts__post-excerpt\">Bonjour \u00e0 toutes et tous, je viens apporter ma pierre aux travaux de GreenSeas en tant que stagiaire et pour 6 mois (mars-ao\u00fbt 2025). Ce stage cl\u00f4t mon master 2 Agro\u00e9conomie et Politiques publiques \u00e0 l\u2019Institut Agro Rennes Angers, pr\u00e9c\u00e9d\u00e9 d\u2019un Master 1 \u00e0 Sciences Po Rennes. Je suis charg\u00e9 de r\u00e9aliser une analyse socio-historique\u2026 <a class=\"wp-block-latest-posts__read-more\" href=\"http:\/\/greenseas.fr\/index.php\/2025\/03\/03\/nouvel-arrivant-silas-chausse-meynard\/\" rel=\"noopener noreferrer\">Lire la suite<span class=\"screen-reader-text\">\u00a0: Nouvel arrivant : Silas Chausse-Meynard<\/span><\/a><\/div><\/li>\n<li><a class=\"wp-block-latest-posts__post-title\" href=\"http:\/\/greenseas.fr\/index.php\/2025\/02\/10\/programme-des-mini-webinaires\/\">Programme des mini-webinaires<\/a><div class=\"wp-block-latest-posts__post-excerpt\">Voici le programme des mini-webinaires de cette nouvelle saison. Les mini-webinaires sont ouverts au membres du consortium du projet GreenSeas, et \u00e0 certaines organisations partenaires. Jeudi&nbsp;30&nbsp;janvier&nbsp;:&nbsp;Assistons-nous \u00e0 l\u2019\u00e9pilogue des mobilisations des associations environnementales contre les mar\u00e9es vertes&nbsp;? Anim\u00e9 par Antonin KHOSROVANINEJAD Les ann\u00e9es 1990 et 2000 sont marqu\u00e9es par des mobilisations importantes contre les \u00ab&nbsp;mar\u00e9es\u2026 <a class=\"wp-block-latest-posts__read-more\" href=\"http:\/\/greenseas.fr\/index.php\/2025\/02\/10\/programme-des-mini-webinaires\/\" rel=\"noopener noreferrer\">Lire la suite<span class=\"screen-reader-text\">\u00a0: Programme des mini-webinaires<\/span><\/a><\/div><\/li>\n<li><a class=\"wp-block-latest-posts__post-title\" href=\"http:\/\/greenseas.fr\/index.php\/2025\/02\/10\/greenseas-presente-a-la-cle-de-douarnenez\/\">GreenSeas pr\u00e9sent\u00e9 \u00e0 la CLE de Douarnenez<\/a><div class=\"wp-block-latest-posts__post-excerpt\">La Commission Locale de l&rsquo;Eau du SAGE de la baie de Douarnenez s&rsquo;est r\u00e9uni pour la premi\u00e8re fois le 6 f\u00e9vrier 2025, depuis la recomposition de ses membres. Cette r\u00e9union a \u00e9t\u00e9 l&rsquo;occasion de pr\u00e9senter le projet GreenSeas, ses avanc\u00e9es depuis 2023 ainsi que les actions \u00e0 venir en 2025. Parmi ces actions, l&rsquo;enqu\u00eate \u00ab\u00a0l&rsquo;Agriculture\u2026 <a class=\"wp-block-latest-posts__read-more\" href=\"http:\/\/greenseas.fr\/index.php\/2025\/02\/10\/greenseas-presente-a-la-cle-de-douarnenez\/\" rel=\"noopener noreferrer\">Lire la suite<span class=\"screen-reader-text\">\u00a0: GreenSeas pr\u00e9sent\u00e9 \u00e0 la CLE de Douarnenez<\/span><\/a><\/div><\/li>\n<li><a class=\"wp-block-latest-posts__post-title\" href=\"http:\/\/greenseas.fr\/index.php\/2025\/02\/03\/nouvelle-arrivante-gaelle-troadec\/\">Nouvelle arrivante : Ga\u00eblle Troadec<\/a><div class=\"wp-block-latest-posts__post-excerpt\">Bonjour \u00e0 toute l&rsquo;\u00e9quipe, Je suis tr\u00e8s heureuse de rejoindre les \u00e9quipes de recherche de l&rsquo;ANR dans le cadre d&rsquo;une nouvelle recherche. Je m&rsquo;appelle Ga\u00eblle Troadec et je suis docteure en sociologie. Ma th\u00e8se porte sur les transformations \u00e9conomiques des armements de p\u00eache hauturi\u00e8re, en Sicile et en Bretagne Sud, dans des territoires d\u00e9sindustrialis\u00e9s. La\u2026 <a class=\"wp-block-latest-posts__read-more\" href=\"http:\/\/greenseas.fr\/index.php\/2025\/02\/03\/nouvelle-arrivante-gaelle-troadec\/\" rel=\"noopener noreferrer\">Lire la suite<span class=\"screen-reader-text\">\u00a0: Nouvelle arrivante : Ga\u00eblle Troadec<\/span><\/a><\/div><\/li>\n<li><a class=\"wp-block-latest-posts__post-title\" href=\"http:\/\/greenseas.fr\/index.php\/2024\/12\/23\/hommage-a-un-artisan-du-dialogue-autour-des-marees-vertes\/\">Hommage \u00e0 un artisan du dialogue autour des mar\u00e9es vertes<\/a><div class=\"wp-block-latest-posts__post-excerpt\">En juillet dernier, Paul Divanac&rsquo;h, maire de Plon\u00e9vez-Porzay (Finist\u00e8re) et pr\u00e9sident de l&rsquo;Assembl\u00e9e Permanente des Pr\u00e9sidents de Commissions Locales de l&rsquo;Eau de Bretagne (APPCB), est d\u00e9c\u00e9d\u00e9. Paul a \u00e9t\u00e9 \u00e0 la fois un artisan et un partenaire du projet GreenSeas, par les relations qu&rsquo;il avait nou\u00e9es au fil des ann\u00e9es avec l&rsquo;\u00e9quipe scientifique, par la\u2026 <a class=\"wp-block-latest-posts__read-more\" href=\"http:\/\/greenseas.fr\/index.php\/2024\/12\/23\/hommage-a-un-artisan-du-dialogue-autour-des-marees-vertes\/\" rel=\"noopener noreferrer\">Lire la suite<span class=\"screen-reader-text\">\u00a0: Hommage \u00e0 un artisan du dialogue autour des mar\u00e9es vertes<\/span><\/a><\/div><\/li>\n<li><a class=\"wp-block-latest-posts__post-title\" href=\"http:\/\/greenseas.fr\/index.php\/2024\/11\/28\/seminaire-annuel-greenseas-2025\/\">S\u00e9minaire annuel Greenseas 2025<\/a><div class=\"wp-block-latest-posts__post-excerpt\">Le s\u00e9minaire annuel de Greenseas est l&rsquo;occasion pour le consortium de se r\u00e9unir pour partager les avanc\u00e9es du projet, et \u00e9changer sur les r\u00e9sultats. Il aura lieu cette ann\u00e9e dans les locaux du Parc Naturel R\u00e9gional d&rsquo;Armorique, situ\u00e9s au Faou, dans le Finist\u00e8re. Le s\u00e9minaire se d\u00e9roulera sur quatre demies-journ\u00e9es entre le 5 et le\u2026 <a class=\"wp-block-latest-posts__read-more\" href=\"http:\/\/greenseas.fr\/index.php\/2024\/11\/28\/seminaire-annuel-greenseas-2025\/\" rel=\"noopener noreferrer\">Lire la suite<span class=\"screen-reader-text\">\u00a0: S\u00e9minaire annuel Greenseas 2025<\/span><\/a><\/div><\/li>\n<li><a class=\"wp-block-latest-posts__post-title\" href=\"http:\/\/greenseas.fr\/index.php\/2024\/11\/21\/diagnostique-agraire-de-la-baie-de-douarnenez\/\">Diagnostic agraire de la baie de Douarnenez<\/a><div class=\"wp-block-latest-posts__post-excerpt\">Entre mars et septembre 2024, Francesca Aloisi a r\u00e9alis\u00e9 son stage de M2 en D\u00e9veloppement Agricole (AgroParisTech) au sein de l\u2019EPAB, partenaire du projet GreenSeas. Elle a r\u00e9alis\u00e9 le diagnostic agricole du Porzay et du Pays de Douarnenez, en utilisant la m\u00e9thode du diagnostic agraire, con\u00e7ue pour comprendre et caract\u00e9riser l\u2019\u00e9volution de l\u2019agriculture d\u2019un territoire.\u2026 <a class=\"wp-block-latest-posts__read-more\" href=\"http:\/\/greenseas.fr\/index.php\/2024\/11\/21\/diagnostique-agraire-de-la-baie-de-douarnenez\/\" rel=\"noopener noreferrer\">Lire la suite<span class=\"screen-reader-text\">\u00a0: Diagnostic agraire de la baie de Douarnenez<\/span><\/a><\/div><\/li>\n<li><a class=\"wp-block-latest-posts__post-title\" href=\"http:\/\/greenseas.fr\/index.php\/2024\/09\/24\/offre-de-stage-m1-cesure-ou-m2-6-mois-modelisation-historique-de-la-transition-agricole-et-des-surplus-azotes-le-finistere\/\">Offre de stage ! \u00ab\u00a0Mod\u00e9lisation historique de la transition agricole et des surplus azot\u00e9s &#8211; Le Finist\u00e8re\u00a0\u00bb<\/a><div class=\"wp-block-latest-posts__post-excerpt\">Nous recrutons un.e stagiaire (M1 c\u00e9sure ou M2 de 6 mois)  sur la mod\u00e9lisation historique de la transition agricole et des surplus azot\u00e9s dans le Finist\u00e8re, \u00e0 UMR SAS INRAE, Rennes \u00e0 partir de janvier 2025<\/div><\/li>\n<li><a class=\"wp-block-latest-posts__post-title\" href=\"http:\/\/greenseas.fr\/index.php\/2023\/07\/26\/mini-webinaire-greenseas-relocalisation-alimentaire-dans-les-bassins-versants-algues-vertes-des-dynamiques-specifiques\/\">Mini-webinaire GreenSeas : Relocalisation alimentaire dans les bassins versants \u00ab\u00a0algues vertes\u00a0\u00bb &#8211; des dynamiques sp\u00e9cifiques?<\/a><div class=\"wp-block-latest-posts__post-excerpt\">Dans le cadre d&rsquo;une s\u00e9rie de \u00ab\u00a0mini-webinaires\u00a0\u00bb organis\u00e9e avec l\u2019\u00c9tablissement public d&rsquo;am\u00e9nagement et de gestion de la baie de Douarnenez (EPAB), les premiers r\u00e9sultats d&rsquo;une enqu\u00eate men\u00e9e par Pauline Guichaoua (stagiaire de l&rsquo;UMR 6308 AMURE &#8211; Master 2 de sociologie \u00e0 l\u2019Universit\u00e9 de Rennes 2) ont \u00e9t\u00e9 pr\u00e9sent\u00e9s et discut\u00e9s le 5 mai 2023. Cette\u2026 <a class=\"wp-block-latest-posts__read-more\" href=\"http:\/\/greenseas.fr\/index.php\/2023\/07\/26\/mini-webinaire-greenseas-relocalisation-alimentaire-dans-les-bassins-versants-algues-vertes-des-dynamiques-specifiques\/\" rel=\"noopener noreferrer\">Lire la suite<span class=\"screen-reader-text\">\u00a0: Mini-webinaire GreenSeas : Relocalisation alimentaire dans les bassins versants \u00ab\u00a0algues vertes\u00a0\u00bb &#8211; des dynamiques sp\u00e9cifiques?<\/span><\/a><\/div><\/li>\n<li><a class=\"wp-block-latest-posts__post-title\" href=\"http:\/\/greenseas.fr\/index.php\/2023\/07\/26\/stage-m2-pauline-guichaoua-transformations-ideelles-et-materielles-des-relations-entre-agriculture-alimentation-et-developpement-local-dans-les-bassins-versants-algues-vertes-en-breta\/\">Transformations des relations agriculture, alimentation d\u00e9veloppement local dans les bassins versants \u00ab algues vertes \u00bb en Bretagne<\/a><div class=\"wp-block-latest-posts__post-excerpt\">Entre f\u00e9vrier et juillet 2023, Pauline Guichaoua a r\u00e9alis\u00e9 son stage de Master 2 de sociologie (Univ. Rennes 2) au sein du projet GreenSeas. L&rsquo;enqu\u00eate qu&rsquo;elle a men\u00e9e constitue une contribution au volet 1 du projet, en particulier \u00e0 la t\u00e2che qui vise \u00e0 documenter les transformations des relations qu&rsquo;entretiennent les habitant.es des territoires touch\u00e9s\u2026 <a class=\"wp-block-latest-posts__read-more\" href=\"http:\/\/greenseas.fr\/index.php\/2023\/07\/26\/stage-m2-pauline-guichaoua-transformations-ideelles-et-materielles-des-relations-entre-agriculture-alimentation-et-developpement-local-dans-les-bassins-versants-algues-vertes-en-breta\/\" rel=\"noopener noreferrer\">Lire la suite<span class=\"screen-reader-text\">\u00a0: Transformations des relations agriculture, alimentation d\u00e9veloppement local dans les bassins versants \u00ab algues vertes \u00bb en Bretagne<\/span><\/a><\/div><\/li>\n<li><a class=\"wp-block-latest-posts__post-title\" href=\"http:\/\/greenseas.fr\/index.php\/2023\/01\/29\/journee-terrain-baie-de-douarnenez-28-fevrier-2023\/\">Journ\u00e9e terrain &#8211; Baie de Douarnenez 28 f\u00e9vrier 2023<\/a><div class=\"wp-block-latest-posts__post-excerpt\"><\/div><\/li>\n<\/ul><\/div><\/div>\n","protected":false},"excerpt":{"rendered":"<p>La baie de Douarnenez est le terrain principal des travaux men\u00e9s dans le cadre du projet Greenseas. Situ\u00e9e \u00e0 la pointe du Finist\u00e8re, la baie de Douarnenez s&rsquo;\u00e9tend de la Presqu&rsquo;ile de Crozon \u00e0 la pointe du Van. Elle est bord\u00e9e par la Mer d&rsquo;Iroise. \u00a9 EPAB, https:\/\/www.sagebaiededouarnenez.org\/site\/lepab\/ Actualit\u00e9s en lien avec ce terrain :<\/p>\n","protected":false},"author":2,"featured_media":0,"parent":62,"menu_order":1,"comment_status":"closed","ping_status":"closed","template":"page-templates\/full-width.php","meta":{"_acf_changed":false,"footnotes":""},"class_list":["post-64","page","type-page","status-publish","hentry"],"acf":[],"_links":{"self":[{"href":"http:\/\/greenseas.fr\/index.php\/wp-json\/wp\/v2\/pages\/64","targetHints":{"allow":["GET"]}}],"collection":[{"href":"http:\/\/greenseas.fr\/index.php\/wp-json\/wp\/v2\/pages"}],"about":[{"href":"http:\/\/greenseas.fr\/index.php\/wp-json\/wp\/v2\/types\/page"}],"author":[{"embeddable":true,"href":"http:\/\/greenseas.fr\/index.php\/wp-json\/wp\/v2\/users\/2"}],"replies":[{"embeddable":true,"href":"http:\/\/greenseas.fr\/index.php\/wp-json\/wp\/v2\/comments?post=64"}],"version-history":[{"count":4,"href":"http:\/\/greenseas.fr\/index.php\/wp-json\/wp\/v2\/pages\/64\/revisions"}],"predecessor-version":[{"id":706,"href":"http:\/\/greenseas.fr\/index.php\/wp-json\/wp\/v2\/pages\/64\/revisions\/706"}],"up":[{"embeddable":true,"href":"http:\/\/greenseas.fr\/index.php\/wp-json\/wp\/v2\/pages\/62"}],"wp:attachment":[{"href":"http:\/\/greenseas.fr\/index.php\/wp-json\/wp\/v2\/media?parent=64"}],"curies":[{"name":"wp","href":"https:\/\/api.w.org\/{rel}","templated":true}]}}