{"id":70,"date":"2022-12-19T18:04:35","date_gmt":"2022-12-19T17:04:35","guid":{"rendered":"http:\/\/greenseas.fr\/?page_id=70"},"modified":"2024-11-15T16:27:59","modified_gmt":"2024-11-15T15:27:59","slug":"les-objectifs","status":"publish","type":"page","link":"http:\/\/greenseas.fr\/index.php\/le-projet\/les-objectifs\/","title":{"rendered":"Les objectifs et la d\u00e9marche"},"content":{"rendered":"\n<p class=\"has-white-color has-text-color has-background has-link-color wp-elements-6e996e6d35d291b38420ba066b181528\" style=\"background-color:#144c79;font-size:17px\"><strong>L\u2019objectif g\u00e9n\u00e9ral est d&rsquo;\u00e9tudier l&rsquo;adaptation pass\u00e9e et actuelle des syst\u00e8mes c\u00f4tiers vuln\u00e9rables, expos\u00e9s \u00e0 une eutrophisation de longue dur\u00e9e, ainsi que les voies de transformation possibles vers des futurs plus durables et plus justes.<\/strong><\/p>\n\n\n\n<p class=\"has-text-color has-link-color wp-elements-948844d0f53e33e7abff9debca09cec0\" style=\"color:#144c79;font-size:15px\">Nous d\u00e9veloppons une <strong>approche transdisciplinaire<\/strong> le long du continuum terre-mer, en articulant plusieurs disciplines scientifiques (agronomie, \u00e9cologie, biog\u00e9ochimie, anthropologie sociale, histoire environnementale, sciences politiques et \u00e9conomie) et l&rsquo;expertise des acteurs concern\u00e9s par l\u2019eutrophisation.<\/p>\n\n\n\n<p class=\"has-black-color has-text-color has-link-color wp-elements-f0b21990065a12becf0d2a96b028de99\" style=\"font-size:15px\"><strong>Le projet poursuit en particulier trois objectifs :<\/strong><\/p>\n\n\n\n<ul style=\"font-size:15px\" class=\"wp-block-list has-black-color has-text-color has-link-color wp-elements-72b19f1f0eff8d098aafc4225846a5b0\">\n<li>Contribuer \u00e0 la co-conception de strat\u00e9gies de gestion de l\u2019eutrophisation et de politiques publiques adapt\u00e9es<br><\/li>\n\n\n\n<li>Apporter une compr\u00e9hension int\u00e9gr\u00e9e de la dynamique d&rsquo;adaptation du SES* et des changements sociaux et politiques affectant les zones c\u00f4ti\u00e8res \u00e0 diff\u00e9rents niveaux organisationnels, en vue d&rsquo;une gestion durable de ces zones. <br><\/li>\n\n\n\n<li>Identifier les conditions dans lesquelles la confrontation avec des probl\u00e8mes environnementaux de longue date peut conduire \u00e0 une transition rapide vers des SES durables<\/li>\n<\/ul>\n\n\n\n<p class=\"has-black-color has-text-color has-link-color wp-elements-e81d852f40fa0e61dd09eaf9e2ae14a3\" style=\"font-size:15px\">Fruit de collaborations de long terme et d\u2019\u00e9changes nourris entre les parties prenantes et des chercheur.es issu.es d\u2019une diversit\u00e9 de disciplines scientifiques, GreenSeas va s\u2019appuyer sur une <strong>approche r\u00e9trospective<\/strong> et une <strong>analyse transversale<\/strong> de la trajectoire de territoires c\u00f4tiers \u00e0 l\u2019eutrophisation :<\/p>\n\n\n\n<ul style=\"font-size:15px\" class=\"wp-block-list has-black-color has-text-color has-link-color wp-elements-6b06e883ebb504a657775b21271c55a9\">\n<li>En travaillant sur le continuum terre-mer dans son ensemble,<br><\/li>\n\n\n\n<li>En analysant la complexit\u00e9 des interactions, des couplages et d\u00e9couplages dans l\u2019espace et dans le temps, entre les impulsions politiques, les changements sociaux et socio-techniques et les \u00e9volutions des fonctionnements biophysiques et \u00e9cologiques dans les bassins versants et dans les baie,<br> <\/li>\n\n\n\n<li>En co-produisant, avec les parties prenantes (gestionnaires, collectivit\u00e9s, habitants, acteurs agricoles, organisations environnementalistes,\u2026), des connaissances et des outils appropriables et remobilisables dans l\u2019action collective et la gestion des changements environnementaux,<br><\/li>\n\n\n\n<li>En exp\u00e9rimentant avec les territoires engag\u00e9s<br><\/li>\n<\/ul>\n\n\n\n<p class=\"has-text-color has-link-color wp-elements-c7cc732a8a40902070dfa573449cce8a\" style=\"color:#229cb2;font-size:15px\"><strong>Cette analyse partag\u00e9e des trajectoires pass\u00e9es permettra aussi de soutenir les r\u00e9flexions sur les possibilit\u00e9s d\u2019\u00e9volution future des territoires. Deux questions seront instruites en particulier par le projet :<\/strong><\/p>\n\n\n\n<ul style=\"font-size:15px\" class=\"wp-block-list has-black-color has-text-color has-link-color wp-elements-2dba79978cc9c600a5414529b7801b7d\">\n<li>Dans quelles conditions l&rsquo;exp\u00e9rience sur le long terme des dommages environnementaux et de la conflictualit\u00e9 li\u00e9e \u00e0 l\u2019eutrophisation peut-elle favoriser l\u2019\u00e9mergence de strat\u00e9gies d&rsquo;adaptation efficaces aux probl\u00e8mes environnementaux plus larges li\u00e9s aux changements globaux (changement climatique, \u00e9rosion de la biodiversit\u00e9\u2026) ?<br><\/li>\n\n\n\n<li>L\u2019accent mis sur l\u2018\u00e9l\u00e9ment azote dans la r\u00e9solution du probl\u00e8me de l\u2019eutrophisation permet-il ou emp\u00eache-t-il de traiter et de prendre en compte d&rsquo;autres questions centrales de durabilit\u00e9 pour les territoires concern\u00e9s ?<\/li>\n<\/ul>\n\n\n\n<p>*SES : socio \u00e9cosyst\u00e8me. Ce terme est utilis\u00e9 ici pour analyser les relations entre les humains et la nature.<\/p>\n\n\n\n<p><\/p>\n","protected":false},"excerpt":{"rendered":"<p>L\u2019objectif g\u00e9n\u00e9ral est d&rsquo;\u00e9tudier l&rsquo;adaptation pass\u00e9e et actuelle des syst\u00e8mes c\u00f4tiers vuln\u00e9rables, expos\u00e9s \u00e0 une eutrophisation de longue dur\u00e9e, ainsi que les voies de transformation possibles vers des futurs plus durables et plus justes. Nous d\u00e9veloppons une approche transdisciplinaire le long du continuum terre-mer, en articulant plusieurs disciplines scientifiques (agronomie, \u00e9cologie, biog\u00e9ochimie, anthropologie sociale, histoire [&hellip;]<\/p>\n","protected":false},"author":2,"featured_media":0,"parent":14,"menu_order":1,"comment_status":"closed","ping_status":"closed","template":"page-templates\/full-width.php","meta":{"_acf_changed":false,"footnotes":""},"class_list":["post-70","page","type-page","status-publish","hentry"],"acf":[],"_links":{"self":[{"href":"http:\/\/greenseas.fr\/index.php\/wp-json\/wp\/v2\/pages\/70","targetHints":{"allow":["GET"]}}],"collection":[{"href":"http:\/\/greenseas.fr\/index.php\/wp-json\/wp\/v2\/pages"}],"about":[{"href":"http:\/\/greenseas.fr\/index.php\/wp-json\/wp\/v2\/types\/page"}],"author":[{"embeddable":true,"href":"http:\/\/greenseas.fr\/index.php\/wp-json\/wp\/v2\/users\/2"}],"replies":[{"embeddable":true,"href":"http:\/\/greenseas.fr\/index.php\/wp-json\/wp\/v2\/comments?post=70"}],"version-history":[{"count":7,"href":"http:\/\/greenseas.fr\/index.php\/wp-json\/wp\/v2\/pages\/70\/revisions"}],"predecessor-version":[{"id":525,"href":"http:\/\/greenseas.fr\/index.php\/wp-json\/wp\/v2\/pages\/70\/revisions\/525"}],"up":[{"embeddable":true,"href":"http:\/\/greenseas.fr\/index.php\/wp-json\/wp\/v2\/pages\/14"}],"wp:attachment":[{"href":"http:\/\/greenseas.fr\/index.php\/wp-json\/wp\/v2\/media?parent=70"}],"curies":[{"name":"wp","href":"https:\/\/api.w.org\/{rel}","templated":true}]}}