{"id":847,"date":"2025-07-03T12:37:50","date_gmt":"2025-07-03T10:37:50","guid":{"rendered":"http:\/\/greenseas.fr\/?page_id=847"},"modified":"2025-10-13T10:56:23","modified_gmt":"2025-10-13T08:56:23","slug":"les-rendez-vous-greenseas","status":"publish","type":"page","link":"http:\/\/greenseas.fr\/index.php\/presentations-des-resultats\/les-rendez-vous-greenseas\/","title":{"rendered":"Les \u00ab\u00a0rendez-vous\u00a0\u00bb GreenSeas"},"content":{"rendered":"\n<p class=\"has-black-color has-text-color has-link-color has-medium-font-size wp-elements-9369a3c2e02994f2f11d4b23e3f7d50f\">Dans cette deuxi\u00e8me phase du projet GreenSeas, nous vous convions, tous les deux mois environ, \u00e0 un temps d&rsquo;\u00e9change sur les r\u00e9sultats du projet discut\u00e9s par une personne ext\u00e9rieure au projet. Ces webinaires, parfois en anglais, parfois en fran\u00e7ais, sont destin\u00e9s \u00e0 faire dialoguer les membres du projet avec les membres d&rsquo;autres communaut\u00e9s acad\u00e9miques nationales ou internationales. <\/p>\n\n\n\n<p><\/p>\n\n\n\n<p class=\"has-text-color has-link-color has-medium-font-size wp-elements-e9ff6cc44666ee1d06c10f0975b78a5b\" style=\"color:#144c79\"><strong>Ev\u00e9nements programm\u00e9s : <\/strong><\/p>\n\n\n<ul class=\"wp-block-latest-posts__list wp-block-latest-posts\"><li><a class=\"wp-block-latest-posts__post-title\" href=\"http:\/\/greenseas.fr\/index.php\/2026\/03\/26\/video-rendez-vous-greenseas4-the-rights-of-nature-in-between-contested-eutrophicated-landscapes-reflecting-as-honest-witness-mar-menor-murcia-spain\/\">[Vid\u00e9o] Rendez-vous GreenSeas#4 &#8211; The rights of nature in-between contested eutrophicated landscapes: reflecting as honest witness (Mar Menor, Murcia, Spain)<\/a><\/li>\n<li><a class=\"wp-block-latest-posts__post-title\" href=\"http:\/\/greenseas.fr\/index.php\/2026\/03\/17\/video-rendez-vous-greenseas5-from-knowledge-to-policy-the-international-nitrogen-network-and-global-nitrogen-governance-challenges\/\">[Vid\u00e9o] Rendez-vous GreenSeas#5 &#8211; From Knowledge to Policy: The International Nitrogen Network and Global Nitrogen Governance Challenges<\/a><\/li>\n<li><a class=\"wp-block-latest-posts__post-title\" href=\"http:\/\/greenseas.fr\/index.php\/2026\/02\/03\/video-rendez-vous-greenseas-3-dutch-nutrients-and-nitrate-policy-between-european-policy-and-politics\/\">[Vid\u00e9o] Rendez-vous GreenSeas #3 \u2013 Dutch nutrients and nitrate policy between (European) policy and politics<\/a><\/li>\n<li><a class=\"wp-block-latest-posts__post-title\" href=\"http:\/\/greenseas.fr\/index.php\/2026\/01\/14\/rendez-vous-greenseas-4-the-rights-of-nature-in-between-contested-eutrophicated-landscapes-reflecting-as-honest-witness-mar-menor-murcia-spain\/\">Rendez-vous GreenSeas #4 &#8211; The rights of nature in-between contested eutrophicated landscapes: reflecting as honest witness (Mar Menor, Murcia, Spain)<\/a><\/li>\n<li><a class=\"wp-block-latest-posts__post-title\" href=\"http:\/\/greenseas.fr\/index.php\/2025\/10\/24\/video-rendez-vous-greenseas-2-les-marees-vertes-sont-elles-un-probleme-environnemental-contemporain-comme-un-autre\/\">[Vid\u00e9o] Rendez-vous GreenSeas #2 \u2013 Les mar\u00e9es vertes sont-elles un probl\u00e8me environnemental contemporain comme un autre\u00a0?<\/a><\/li>\n<\/ul>\n\n\n<p><\/p>\n","protected":false},"excerpt":{"rendered":"<p>Dans cette deuxi\u00e8me phase du projet GreenSeas, nous vous convions, tous les deux mois environ, \u00e0 un temps d&rsquo;\u00e9change sur les r\u00e9sultats du projet discut\u00e9s par une personne ext\u00e9rieure au projet. Ces webinaires, parfois en anglais, parfois en fran\u00e7ais, sont destin\u00e9s \u00e0 faire dialoguer les membres du projet avec les membres d&rsquo;autres communaut\u00e9s acad\u00e9miques nationales [&hellip;]<\/p>\n","protected":false},"author":28,"featured_media":0,"parent":850,"menu_order":0,"comment_status":"closed","ping_status":"closed","template":"","meta":{"_acf_changed":false,"footnotes":""},"class_list":["post-847","page","type-page","status-publish","hentry"],"acf":[],"_links":{"self":[{"href":"http:\/\/greenseas.fr\/index.php\/wp-json\/wp\/v2\/pages\/847","targetHints":{"allow":["GET"]}}],"collection":[{"href":"http:\/\/greenseas.fr\/index.php\/wp-json\/wp\/v2\/pages"}],"about":[{"href":"http:\/\/greenseas.fr\/index.php\/wp-json\/wp\/v2\/types\/page"}],"author":[{"embeddable":true,"href":"http:\/\/greenseas.fr\/index.php\/wp-json\/wp\/v2\/users\/28"}],"replies":[{"embeddable":true,"href":"http:\/\/greenseas.fr\/index.php\/wp-json\/wp\/v2\/comments?post=847"}],"version-history":[{"count":5,"href":"http:\/\/greenseas.fr\/index.php\/wp-json\/wp\/v2\/pages\/847\/revisions"}],"predecessor-version":[{"id":897,"href":"http:\/\/greenseas.fr\/index.php\/wp-json\/wp\/v2\/pages\/847\/revisions\/897"}],"up":[{"embeddable":true,"href":"http:\/\/greenseas.fr\/index.php\/wp-json\/wp\/v2\/pages\/850"}],"wp:attachment":[{"href":"http:\/\/greenseas.fr\/index.php\/wp-json\/wp\/v2\/media?parent=847"}],"curies":[{"name":"wp","href":"https:\/\/api.w.org\/{rel}","templated":true}]}}